{"id":392,"date":"2024-08-13T18:07:19","date_gmt":"2024-08-13T18:07:19","guid":{"rendered":"https:\/\/sedimpulsionacademie.com\/?page_id=392"},"modified":"2024-10-27T21:12:42","modified_gmt":"2024-10-27T21:12:42","slug":"podcast","status":"publish","type":"page","link":"https:\/\/sedimpulsionacademie.com\/home\/podcast\/","title":{"rendered":"PODCAST"},"content":{"rendered":"\n<div class=\"wp-block-cover alignfull has-parallax\" style=\"min-height:679px;aspect-ratio:unset;\"><span aria-hidden=\"true\" class=\"wp-block-cover__background has-background-dim\" style=\"background-color:#4d7790\"><\/span><div class=\"wp-block-cover__image-background wp-image-217 has-parallax\" style=\"background-position:50% 50%;background-image:url(https:\/\/sedimpulsionacademie.com\/wp-content\/uploads\/2024\/08\/calm-body-of-lake-between-mountains-346529.jpeg)\"><\/div><div class=\"wp-block-cover__inner-container is-layout-constrained wp-block-cover-is-layout-constrained\">\n<div class=\"wp-block-uagb-advanced-heading uagb-block-979d2a07\"><h1 class=\"uagb-heading-text\"><mark style=\"background-color:rgba(0, 0, 0, 0)\" class=\"has-inline-color has-ast-global-color-5-color\">Les Paroles d&rsquo;Esther<\/mark><\/h1><\/div>\n\n\n\n<div class=\"wp-block-uagb-buttons uagb-buttons__outer-wrap uagb-btn__default-btn uagb-btn-tablet__default-btn uagb-btn-mobile__default-btn uagb-block-ef21c853\"><div class=\"uagb-buttons__wrap uagb-buttons-layout-wrap \">\n<div class=\"wp-block-uagb-buttons-child uagb-buttons__outer-wrap uagb-block-5245804a wp-block-button\"><div class=\"uagb-button__wrapper\"><a class=\"uagb-buttons-repeater wp-block-button__link\" aria-label=\"\" href=\"https:\/\/open.spotify.com\/show\/69MGTQNvqmrkmbwT2AXN7a?si=600cd15a94e94bd9\" rel=\"follow noopener\" target=\"_blank\" role=\"button\"><div class=\"uagb-button__link\">Le Podcast<\/div><\/a><\/div><\/div>\n<\/div><\/div>\n\n\n\n<p class=\"has-text-align-center has-cardo-font-family has-large-font-size\">By SED<\/p>\n<\/div><\/div>\n\n\n\n<div class=\"wp-block-uagb-container uagb-block-d3b5777b alignfull uagb-is-root-container\"><div class=\"uagb-container-inner-blocks-wrap\">\n<div class=\"wp-block-uagb-container uagb-block-60ee7a2c\">\n<figure class=\"wp-block-image size-full\"><img loading=\"lazy\" decoding=\"async\" width=\"377\" height=\"250\" src=\"https:\/\/sedimpulsionacademie.com\/wp-content\/uploads\/2024\/08\/PODCATS-1.jpg\" alt=\"\" class=\"wp-image-645\" srcset=\"https:\/\/sedimpulsionacademie.com\/wp-content\/uploads\/2024\/08\/PODCATS-1.jpg 377w, https:\/\/sedimpulsionacademie.com\/wp-content\/uploads\/2024\/08\/PODCATS-1-300x199.jpg 300w\" sizes=\"auto, (max-width: 377px) 100vw, 377px\" \/><\/figure>\n<\/div>\n\n\n\n<div class=\"wp-block-uagb-container uagb-block-757ccb48\">\n<p><\/p>\n\n\n\n<p class=\"has-text-align-center has-cardo-font-family has-medium-font-size\" style=\"margin-top:0;margin-bottom:0\">Les Paroles d&rsquo;Esther, le podcast qui s\u2019adresse aux femmes pour les encourager \u00e0 entrer dans leur destin\u00e9e en sachant qui elles sont en Christ et en se connectant \u00e0 Dieu par la m\u00e9ditation et la proclamation de la parole de Dieu (La Bible).<\/p>\n\n\n\n<p class=\"has-text-align-center has-cardo-font-family has-medium-font-size\" style=\"margin-top:0;margin-bottom:0\">Ce sont des moments de c\u0153ur \u00e0 c\u0153ur avec des messages de Foi, des correspondances de destin\u00e9e avec des invit\u00e9s qui viendront partager leur t\u00e9moignages et des chroniques de sagesse.<\/p>\n\n\n\n<p class=\"has-text-align-center has-cardo-font-family has-medium-font-size\" style=\"margin-top:0;margin-bottom:0\">Sois encourag\u00e9e et fortifi\u00e9e dans ta foi, ch\u00e8re perle pr\u00e9cieuse, tu es appel\u00e9e par Dieu pour accomplir un but pr\u00e9cis. Tu es n\u00e9e pour Briller ! Les paroles d\u2019Esther by SED<\/p>\n\n\n\n<p><\/p>\n<\/div>\n<\/div><\/div>\n\n\n\n<figure class=\"wp-block-embed alignwide is-type-rich is-provider-spotify wp-block-embed-spotify wp-embed-aspect-21-9 wp-has-aspect-ratio\" style=\"margin-top:0;margin-right:0;margin-bottom:0;margin-left:0\"><div class=\"wp-block-embed__wrapper\">\n<iframe title=\"Spotify Embed: Pr\u00e9sentation du Podcast &quot;Les Paroles d&amp;apos;Esther&quot;\" style=\"border-radius: 12px\" width=\"100%\" height=\"152\" frameborder=\"0\" allowfullscreen allow=\"autoplay; clipboard-write; encrypted-media; fullscreen; picture-in-picture\" loading=\"lazy\" src=\"https:\/\/open.spotify.com\/embed\/episode\/0VVtNuPdh46LTkB5LyeVBx?si=k0O8Dqy1SD6ELivz0juiPQ&#038;utm_source=oembed\"><\/iframe>\n<\/div><\/figure>\n\n\n\n<div id=\"sb_instagram\"  class=\"sbi sbi_mob_col_5 sbi_tab_col_5 sbi_col_5 sbi_width_resp\" style=\"padding-bottom: 10px;\"\t data-feedid=\"*1\"  data-res=\"auto\" data-cols=\"5\" data-colsmobile=\"5\" data-colstablet=\"5\" data-num=\"5\" data-nummobile=\"5\" data-item-padding=\"5\"\t data-shortcode-atts=\"{}\"  data-postid=\"392\" data-locatornonce=\"c318da8d8b\" data-imageaspectratio=\"1:1\" data-sbi-flags=\"favorLocal\">\n\t\n\t<div id=\"sbi_images\"  style=\"gap: 10px;\">\n\t\t\t<\/div>\n\n\t<div id=\"sbi_load\" >\n\n\t\n\t\t\t<span class=\"sbi_follow_btn sbi_custom\" >\n\t\t\t<a target=\"_blank\"\n\t\t\t\trel=\"nofollow noopener\"  href=\"https:\/\/www.instagram.com\/17841457606908542\/\" style=\"background: rgb(64,139,209);\">\n\t\t\t\t<svg class=\"svg-inline--fa fa-instagram fa-w-14\" aria-hidden=\"true\" data-fa-processed=\"\" aria-label=\"Instagram\" data-prefix=\"fab\" data-icon=\"instagram\" role=\"img\" viewBox=\"0 0 448 512\">\n                    <path fill=\"currentColor\" d=\"M224.1 141c-63.6 0-114.9 51.3-114.9 114.9s51.3 114.9 114.9 114.9S339 319.5 339 255.9 287.7 141 224.1 141zm0 189.6c-41.1 0-74.7-33.5-74.7-74.7s33.5-74.7 74.7-74.7 74.7 33.5 74.7 74.7-33.6 74.7-74.7 74.7zm146.4-194.3c0 14.9-12 26.8-26.8 26.8-14.9 0-26.8-12-26.8-26.8s12-26.8 26.8-26.8 26.8 12 26.8 26.8zm76.1 27.2c-1.7-35.9-9.9-67.7-36.2-93.9-26.2-26.2-58-34.4-93.9-36.2-37-2.1-147.9-2.1-184.9 0-35.8 1.7-67.6 9.9-93.9 36.1s-34.4 58-36.2 93.9c-2.1 37-2.1 147.9 0 184.9 1.7 35.9 9.9 67.7 36.2 93.9s58 34.4 93.9 36.2c37 2.1 147.9 2.1 184.9 0 35.9-1.7 67.7-9.9 93.9-36.2 26.2-26.2 34.4-58 36.2-93.9 2.1-37 2.1-147.8 0-184.8zM398.8 388c-7.8 19.6-22.9 34.7-42.6 42.6-29.5 11.7-99.5 9-132.1 9s-102.7 2.6-132.1-9c-19.6-7.8-34.7-22.9-42.6-42.6-11.7-29.5-9-99.5-9-132.1s-2.6-102.7 9-132.1c7.8-19.6 22.9-34.7 42.6-42.6 29.5-11.7 99.5-9 132.1-9s102.7-2.6 132.1 9c19.6 7.8 34.7 22.9 42.6 42.6 11.7 29.5 9 99.5 9 132.1s2.7 102.7-9 132.1z\"><\/path>\n                <\/svg>\t\t\t\t<span>Suivre sur Instagram<\/span>\n\t\t\t<\/a>\n\t\t<\/span>\n\t\n<\/div>\n\t\t<span class=\"sbi_resized_image_data\" data-feed-id=\"*1\"\n\t\t  data-resized=\"[]\">\n\t<\/span>\n\t<\/div>\n\n","protected":false},"excerpt":{"rendered":"<p>Les Paroles d&rsquo;Esther, le podcast qui s\u2019adresse aux femmes pour les encourager \u00e0 entrer dans leur destin\u00e9e en sachant qui [&hellip;]<\/p>\n","protected":false},"author":3,"featured_media":0,"parent":0,"menu_order":0,"comment_status":"closed","ping_status":"closed","template":"","meta":{"_uag_custom_page_level_css":"","site-sidebar-layout":"default","site-content-layout":"","ast-site-content-layout":"default","site-content-style":"default","site-sidebar-style":"default","ast-global-header-display":"","ast-banner-title-visibility":"","ast-main-header-display":"","ast-hfb-above-header-display":"","ast-hfb-below-header-display":"","ast-hfb-mobile-header-display":"","site-post-title":"disabled","ast-breadcrumbs-content":"","ast-featured-img":"","footer-sml-layout":"","ast-disable-related-posts":"","theme-transparent-header-meta":"","adv-header-id-meta":"","stick-header-meta":"","header-above-stick-meta":"","header-main-stick-meta":"","header-below-stick-meta":"","astra-migrate-meta-layouts":"default","ast-page-background-enabled":"default","ast-page-background-meta":{"desktop":{"background-color":"var(--ast-global-color-4)","background-image":"","background-repeat":"repeat","background-position":"center center","background-size":"auto","background-attachment":"scroll","background-type":"","background-media":"","overlay-type":"","overlay-color":"","overlay-opacity":"","overlay-gradient":""},"tablet":{"background-color":"","background-image":"","background-repeat":"repeat","background-position":"center center","background-size":"auto","background-attachment":"scroll","background-type":"","background-media":"","overlay-type":"","overlay-color":"","overlay-opacity":"","overlay-gradient":""},"mobile":{"background-color":"","background-image":"","background-repeat":"repeat","background-position":"center center","background-size":"auto","background-attachment":"scroll","background-type":"","background-media":"","overlay-type":"","overlay-color":"","overlay-opacity":"","overlay-gradient":""}},"ast-content-background-meta":{"desktop":{"background-color":"var(--ast-global-color-5)","background-image":"","background-repeat":"repeat","background-position":"center center","background-size":"auto","background-attachment":"scroll","background-type":"","background-media":"","overlay-type":"","overlay-color":"","overlay-opacity":"","overlay-gradient":""},"tablet":{"background-color":"var(--ast-global-color-5)","background-image":"","background-repeat":"repeat","background-position":"center center","background-size":"auto","background-attachment":"scroll","background-type":"","background-media":"","overlay-type":"","overlay-color":"","overlay-opacity":"","overlay-gradient":""},"mobile":{"background-color":"var(--ast-global-color-5)","background-image":"","background-repeat":"repeat","background-position":"center center","background-size":"auto","background-attachment":"scroll","background-type":"","background-media":"","overlay-type":"","overlay-color":"","overlay-opacity":"","overlay-gradient":""}},"footnotes":""},"class_list":["post-392","page","type-page","status-publish","hentry"],"jetpack_sharing_enabled":true,"uagb_featured_image_src":{"full":false,"thumbnail":false,"medium":false,"medium_large":false,"large":false,"1536x1536":false,"2048x2048":false,"mailpoet_newsletter_max":false,"woocommerce_thumbnail":false,"woocommerce_single":false,"woocommerce_gallery_thumbnail":false},"uagb_author_info":{"display_name":"sedimpulsionacademie.com","author_link":"https:\/\/sedimpulsionacademie.com\/home\/author\/oxwpmtxsnf6t\/"},"uagb_comment_info":0,"uagb_excerpt":"Les Paroles d&rsquo;Esther, le podcast qui s\u2019adresse aux femmes pour les encourager \u00e0 entrer dans leur destin\u00e9e en sachant qui [&hellip;]","_links":{"self":[{"href":"https:\/\/sedimpulsionacademie.com\/home\/wp-json\/wp\/v2\/pages\/392","targetHints":{"allow":["GET"]}}],"collection":[{"href":"https:\/\/sedimpulsionacademie.com\/home\/wp-json\/wp\/v2\/pages"}],"about":[{"href":"https:\/\/sedimpulsionacademie.com\/home\/wp-json\/wp\/v2\/types\/page"}],"author":[{"embeddable":true,"href":"https:\/\/sedimpulsionacademie.com\/home\/wp-json\/wp\/v2\/users\/3"}],"replies":[{"embeddable":true,"href":"https:\/\/sedimpulsionacademie.com\/home\/wp-json\/wp\/v2\/comments?post=392"}],"version-history":[{"count":22,"href":"https:\/\/sedimpulsionacademie.com\/home\/wp-json\/wp\/v2\/pages\/392\/revisions"}],"predecessor-version":[{"id":1283,"href":"https:\/\/sedimpulsionacademie.com\/home\/wp-json\/wp\/v2\/pages\/392\/revisions\/1283"}],"wp:attachment":[{"href":"https:\/\/sedimpulsionacademie.com\/home\/wp-json\/wp\/v2\/media?parent=392"}],"curies":[{"name":"wp","href":"https:\/\/api.w.org\/{rel}","templated":true}]}}