{"id":416,"date":"2024-08-13T18:50:13","date_gmt":"2024-08-13T18:50:13","guid":{"rendered":"https:\/\/sedimpulsionacademie.com\/?page_id=416"},"modified":"2024-11-09T18:06:43","modified_gmt":"2024-11-09T18:06:43","slug":"evenements","status":"publish","type":"page","link":"https:\/\/sedimpulsionacademie.com\/home\/evenements\/","title":{"rendered":"\u00c9V\u00c8NEMENTS"},"content":{"rendered":"\n<div class=\"wp-block-uagb-advanced-heading uagb-block-2e74da6f\"><h2 class=\"uagb-heading-text\"><mark style=\"background-color:rgba(0, 0, 0, 0);color:#1379c7\" class=\"has-inline-color\"><strong>\u00c9v\u00e9nements \u00e0 venir<\/strong><\/mark><\/h2><\/div>\n\n\n\n<p><\/p>\n\n\n\n<div class=\"wp-block-uagb-advanced-heading uagb-block-022ec1b2\"><h2 class=\"uagb-heading-text\"><mark style=\"background-color:rgba(0, 0, 0, 0);color:#1379c7\" class=\"has-inline-color\">\u00c9v\u00e9nements pass\u00e9s<\/mark><\/h2><\/div>\n\n\n\n<p><\/p>\n\n\n\n<p class=\"has-text-align-center has-cardo-font-family has-large-font-size\"><mark style=\"background-color:rgba(0, 0, 0, 0);color:#1379c7\" class=\"has-inline-color\"><strong>Ann\u00e9e 2024<\/strong><\/mark><\/p>\n\n\n\n<div class=\"wp-block-uagb-container uagb-block-ba8f188f alignfull uagb-is-root-container\"><div class=\"uagb-container-inner-blocks-wrap\">\n<div class=\"wp-block-uagb-container uagb-block-bfae3e11\">\n<figure class=\"wp-block-image aligncenter size-full is-resized\"><img loading=\"lazy\" decoding=\"async\" width=\"1080\" height=\"1080\" src=\"https:\/\/sedimpulsionacademie.com\/wp-content\/uploads\/2024\/10\/CONFERENCE-BATIR-SA-MATERNITE-OCT-2024.png\" alt=\"\" class=\"wp-image-1165\" style=\"width:235px;height:auto\" srcset=\"https:\/\/sedimpulsionacademie.com\/wp-content\/uploads\/2024\/10\/CONFERENCE-BATIR-SA-MATERNITE-OCT-2024.png 1080w, https:\/\/sedimpulsionacademie.com\/wp-content\/uploads\/2024\/10\/CONFERENCE-BATIR-SA-MATERNITE-OCT-2024-300x300.png 300w, https:\/\/sedimpulsionacademie.com\/wp-content\/uploads\/2024\/10\/CONFERENCE-BATIR-SA-MATERNITE-OCT-2024-1024x1024.png 1024w, https:\/\/sedimpulsionacademie.com\/wp-content\/uploads\/2024\/10\/CONFERENCE-BATIR-SA-MATERNITE-OCT-2024-150x150.png 150w, https:\/\/sedimpulsionacademie.com\/wp-content\/uploads\/2024\/10\/CONFERENCE-BATIR-SA-MATERNITE-OCT-2024-768x768.png 768w, https:\/\/sedimpulsionacademie.com\/wp-content\/uploads\/2024\/10\/CONFERENCE-BATIR-SA-MATERNITE-OCT-2024-600x600.png 600w, https:\/\/sedimpulsionacademie.com\/wp-content\/uploads\/2024\/10\/CONFERENCE-BATIR-SA-MATERNITE-OCT-2024-100x100.png 100w\" sizes=\"auto, (max-width: 1080px) 100vw, 1080px\" \/><\/figure>\n<\/div>\n\n\n\n<div class=\"wp-block-uagb-container uagb-block-6db6261f\">\n<p class=\"has-text-align-center has-cardo-font-family has-medium-font-size\" style=\"margin-top:0;margin-bottom:0\"><strong><strong>2\u00e8me Conf\u00e9rence BATIR SA MATERNIT\u00c9<\/strong><\/strong><\/p>\n\n\n\n<p class=\"has-cardo-font-family has-medium-font-size\" style=\"margin-top:0;margin-bottom:0\">Conf\u00e9rence organis\u00e9e par Vanessa MAKUBAMA fondatrice de Porteuse de Vie. J\u2019ai pu tenir un stand et eu l\u2019opportunit\u00e9 de pr\u00e9senter et d\u00e9dicacer mes ouvrages aux participantes.<\/p>\n\n\n\n<p class=\"has-text-align-right has-cardo-font-family has-medium-font-size\">Octobre 2024<\/p>\n<\/div>\n<\/div><\/div>\n\n\n\n<div class=\"wp-block-uagb-container uagb-block-408d410e alignfull uagb-is-root-container\"><div class=\"uagb-container-inner-blocks-wrap\">\n<div class=\"wp-block-uagb-container uagb-block-92d816cc\">\n<figure class=\"wp-block-image aligncenter size-full is-resized\"><img loading=\"lazy\" decoding=\"async\" width=\"828\" height=\"842\" src=\"https:\/\/sedimpulsionacademie.com\/wp-content\/uploads\/2024\/09\/SLACE-2024.png\" alt=\"\" class=\"wp-image-909\" style=\"width:235px;height:auto\" srcset=\"https:\/\/sedimpulsionacademie.com\/wp-content\/uploads\/2024\/09\/SLACE-2024.png 828w, https:\/\/sedimpulsionacademie.com\/wp-content\/uploads\/2024\/09\/SLACE-2024-295x300.png 295w, https:\/\/sedimpulsionacademie.com\/wp-content\/uploads\/2024\/09\/SLACE-2024-768x781.png 768w, https:\/\/sedimpulsionacademie.com\/wp-content\/uploads\/2024\/09\/SLACE-2024-600x610.png 600w\" sizes=\"auto, (max-width: 828px) 100vw, 828px\" \/><\/figure>\n<\/div>\n\n\n\n<div class=\"wp-block-uagb-container uagb-block-3be32ef6\">\n<p class=\"has-text-align-center has-cardo-font-family has-medium-font-size\" style=\"margin-top:0;margin-bottom:0\">S<strong>alon du Livre et des Arts Chr\u00e9tiens \u00e0 Montr\u00e9al (Canada)<\/strong><\/p>\n\n\n\n<p class=\"has-cardo-font-family has-medium-font-size\" style=\"margin-top:0;margin-bottom:0\">Participation virtuelle et pr\u00e9sentation de mon ouvrage : La Nuit de la R\u00e9v\u00e9lation, 40 jours de marche par la foi. Vol 3<\/p>\n\n\n\n<p class=\"has-text-align-right has-cardo-font-family has-medium-font-size\">Juin 2024<\/p>\n<\/div>\n<\/div><\/div>\n\n\n\n<div class=\"wp-block-uagb-container uagb-block-79148085 alignfull uagb-is-root-container\"><div class=\"uagb-container-inner-blocks-wrap\">\n<div class=\"wp-block-uagb-container uagb-block-13fc53e1\">\n<figure class=\"wp-block-image aligncenter size-full\"><img loading=\"lazy\" decoding=\"async\" width=\"206\" height=\"206\" src=\"https:\/\/sedimpulsionacademie.com\/wp-content\/uploads\/2024\/09\/Conference-BE-MORE-DO-MORE-MARS-2024.jpg\" alt=\"\" class=\"wp-image-908\" srcset=\"https:\/\/sedimpulsionacademie.com\/wp-content\/uploads\/2024\/09\/Conference-BE-MORE-DO-MORE-MARS-2024.jpg 206w, https:\/\/sedimpulsionacademie.com\/wp-content\/uploads\/2024\/09\/Conference-BE-MORE-DO-MORE-MARS-2024-150x150.jpg 150w, https:\/\/sedimpulsionacademie.com\/wp-content\/uploads\/2024\/09\/Conference-BE-MORE-DO-MORE-MARS-2024-100x100.jpg 100w\" sizes=\"auto, (max-width: 206px) 100vw, 206px\" \/><\/figure>\n<\/div>\n\n\n\n<div class=\"wp-block-uagb-container uagb-block-11efa52d\">\n<p class=\"has-text-align-center has-cardo-font-family has-medium-font-size\" style=\"margin-top:0;margin-bottom:0\"><strong><strong>BE MORE DO MORE<\/strong><\/strong><\/p>\n\n\n\n<figure class=\"wp-block-video\"><video controls src=\"https:\/\/sedimpulsionacademie.com\/wp-content\/uploads\/2024\/11\/Remise-Trophee-La-Femme-Extra_9-Mars-2024.mp4\"><\/video><\/figure>\n\n\n\n<p class=\"has-cardo-font-family has-medium-font-size\" style=\"margin-top:0;margin-bottom:0\">Conf\u00e9rence organis\u00e9e par Muriel ATIPO, alias Miss Purple Coach qui promeut la femme extraordinaire et entrepreneure. Au cours de cet \u00e9v\u00e8nement \u00e0 l\u2019occasion de la journ\u00e9e de la femme, j\u2019ai pu tenir un stand et recevoir \u00e9galement mon troph\u00e9e de la femme extraordinaire en tant qu\u2019auteure inspirante<\/p>\n\n\n\n<p class=\"has-text-align-right has-cardo-font-family has-medium-font-size\">9 Mars 2024<\/p>\n<\/div>\n<\/div><\/div>\n\n\n\n<p><\/p>\n\n\n\n<p class=\"has-text-align-center has-cardo-font-family has-large-font-size\"><mark style=\"background-color:rgba(0, 0, 0, 0);color:#1379c7\" class=\"has-inline-color\"><strong>Ann\u00e9e<\/strong> <strong>2023<\/strong><\/mark><\/p>\n\n\n\n<div class=\"wp-block-uagb-container uagb-block-28aa6f06 alignfull uagb-is-root-container\"><div class=\"uagb-container-inner-blocks-wrap\">\n<div class=\"wp-block-uagb-container uagb-block-b979ac5f\">\n<figure class=\"wp-block-image aligncenter size-full\"><img loading=\"lazy\" decoding=\"async\" width=\"206\" height=\"206\" src=\"https:\/\/sedimpulsionacademie.com\/wp-content\/uploads\/2024\/09\/MEGUILA-REIMS-2023.jpg\" alt=\"\" class=\"wp-image-911\" srcset=\"https:\/\/sedimpulsionacademie.com\/wp-content\/uploads\/2024\/09\/MEGUILA-REIMS-2023.jpg 206w, https:\/\/sedimpulsionacademie.com\/wp-content\/uploads\/2024\/09\/MEGUILA-REIMS-2023-150x150.jpg 150w, https:\/\/sedimpulsionacademie.com\/wp-content\/uploads\/2024\/09\/MEGUILA-REIMS-2023-100x100.jpg 100w\" sizes=\"auto, (max-width: 206px) 100vw, 206px\" \/><\/figure>\n<\/div>\n\n\n\n<div class=\"wp-block-uagb-container uagb-block-b035a5d3\">\n<p class=\"has-text-align-center has-cardo-font-family has-medium-font-size\" style=\"margin-top:0;margin-bottom:0\"><strong>Festival M\u00c9GUILA Festival International du livre Chr\u00e9tien<\/strong> \u00e0 REIMS<\/p>\n\n\n\n<p class=\"has-cardo-font-family has-medium-font-size\" style=\"margin-top:0;margin-bottom:0\">C\u2019est lors de cet \u00e9v\u00e8nement que mon d\u00e9votionnel La NUIT DE LA REVELATION Volume 1 a re\u00e7u le Prix MEGUILA 2023, dans la cat\u00e9gorie Enseignement.<\/p>\n\n\n\n<p class=\"has-cardo-font-family has-medium-font-size\" style=\"margin-top:0;margin-bottom:0\">J\u2019ai \u00e9galement pu tenir un stand afin de pr\u00e9senter mes diff\u00e9rents ouvrages au public.<\/p>\n\n\n\n<p class=\"has-text-align-right has-cardo-font-family has-medium-font-size\">17-19 Novembre 2023<\/p>\n<\/div>\n<\/div><\/div>\n\n\n\n<div class=\"wp-block-uagb-container uagb-block-7be4f032 alignfull uagb-is-root-container\"><div class=\"uagb-container-inner-blocks-wrap\">\n<div class=\"wp-block-uagb-container uagb-block-be109670\">\n<figure class=\"wp-block-image aligncenter size-full\"><img loading=\"lazy\" decoding=\"async\" width=\"206\" height=\"206\" src=\"https:\/\/sedimpulsionacademie.com\/wp-content\/uploads\/2024\/09\/Conference-Femme-leve-toi.jpg\" alt=\"\" class=\"wp-image-912\" srcset=\"https:\/\/sedimpulsionacademie.com\/wp-content\/uploads\/2024\/09\/Conference-Femme-leve-toi.jpg 206w, https:\/\/sedimpulsionacademie.com\/wp-content\/uploads\/2024\/09\/Conference-Femme-leve-toi-150x150.jpg 150w, https:\/\/sedimpulsionacademie.com\/wp-content\/uploads\/2024\/09\/Conference-Femme-leve-toi-100x100.jpg 100w\" sizes=\"auto, (max-width: 206px) 100vw, 206px\" \/><\/figure>\n<\/div>\n\n\n\n<div class=\"wp-block-uagb-container uagb-block-5b975022\">\n<p class=\"has-text-align-center has-cardo-font-family has-medium-font-size\" style=\"margin-top:0;margin-bottom:0\"><strong>1\u00e8re Conf\u00e9rence de MID EVENT FEMME SEULE &#8211; L\u00c8VE TOI ET AVANCE<\/strong> \u00e0 PARIS<\/p>\n\n\n\n<p class=\"has-cardo-font-family has-medium-font-size\" style=\"margin-top:0;margin-bottom:0\">J\u2019ai pu tenir un stand et eu l\u2019opportunit\u00e9 de pr\u00e9senter mes ouvrages aux participantes et d\u2019\u00e9changer sur mon t\u00e9moignage en tant qu\u2019auteure.<\/p>\n\n\n\n<p class=\"has-text-align-right has-cardo-font-family has-medium-font-size\">11 Novembre 2023<\/p>\n<\/div>\n<\/div><\/div>\n\n\n\n<div class=\"wp-block-uagb-container uagb-block-8359cf06 alignfull uagb-is-root-container\"><div class=\"uagb-container-inner-blocks-wrap\">\n<div class=\"wp-block-uagb-container uagb-block-111b0d06\">\n<figure class=\"wp-block-image aligncenter size-full\"><img loading=\"lazy\" decoding=\"async\" width=\"206\" height=\"206\" src=\"https:\/\/sedimpulsionacademie.com\/wp-content\/uploads\/2024\/09\/Conference-Batir-sa-maternite.jpg\" alt=\"\" class=\"wp-image-914\" srcset=\"https:\/\/sedimpulsionacademie.com\/wp-content\/uploads\/2024\/09\/Conference-Batir-sa-maternite.jpg 206w, https:\/\/sedimpulsionacademie.com\/wp-content\/uploads\/2024\/09\/Conference-Batir-sa-maternite-150x150.jpg 150w, https:\/\/sedimpulsionacademie.com\/wp-content\/uploads\/2024\/09\/Conference-Batir-sa-maternite-100x100.jpg 100w\" sizes=\"auto, (max-width: 206px) 100vw, 206px\" \/><\/figure>\n<\/div>\n\n\n\n<div class=\"wp-block-uagb-container uagb-block-82047993\">\n<p class=\"has-text-align-center has-cardo-font-family has-medium-font-size\" style=\"margin-top:0;margin-bottom:0\"><strong>1\u00e8re Conf\u00e9rence BATIR SA MATERNIT\u00c9<\/strong><\/p>\n\n\n\n<p class=\"has-cardo-font-family has-medium-font-size\" style=\"margin-top:0;margin-bottom:0\">Conf\u00e9rence organis\u00e9e par Vanessa MAKUBAMA fondatrice de Porteuse de Vie. J\u2019ai pu tenir un stand et eu l\u2019opportunit\u00e9 de pr\u00e9senter mes ouvrages aux participantes et d\u2019\u00e9changer sur mon t\u00e9moignage en tant qu\u2019auteure.<\/p>\n\n\n\n<p class=\"has-text-align-right has-cardo-font-family has-medium-font-size\">Octobre 2023<\/p>\n<\/div>\n<\/div><\/div>\n\n\n\n<div class=\"wp-block-uagb-container uagb-block-37a52926 alignfull uagb-is-root-container\"><div class=\"uagb-container-inner-blocks-wrap\">\n<div class=\"wp-block-uagb-container uagb-block-afbf7453\">\n<figure class=\"wp-block-image aligncenter size-full\"><img loading=\"lazy\" decoding=\"async\" width=\"206\" height=\"206\" src=\"https:\/\/sedimpulsionacademie.com\/wp-content\/uploads\/2024\/09\/SLACE-MONTREAL-2023.jpg\" alt=\"\" class=\"wp-image-913\" srcset=\"https:\/\/sedimpulsionacademie.com\/wp-content\/uploads\/2024\/09\/SLACE-MONTREAL-2023.jpg 206w, https:\/\/sedimpulsionacademie.com\/wp-content\/uploads\/2024\/09\/SLACE-MONTREAL-2023-150x150.jpg 150w, https:\/\/sedimpulsionacademie.com\/wp-content\/uploads\/2024\/09\/SLACE-MONTREAL-2023-100x100.jpg 100w\" sizes=\"auto, (max-width: 206px) 100vw, 206px\" \/><\/figure>\n<\/div>\n\n\n\n<div class=\"wp-block-uagb-container uagb-block-0f7409cf\">\n<p class=\"has-text-align-center has-cardo-font-family has-medium-font-size\" style=\"margin-top:0;margin-bottom:0\"><strong>Salon du Livre et des Arts Chr\u00e9tiens \u00e0 Montr\u00e9al (Canada)<\/strong><\/p>\n\n\n\n<p class=\"has-cardo-font-family has-medium-font-size\" style=\"margin-top:0;margin-bottom:0\">Participation virtuelle et pr\u00e9sentation de mon ouvrage : La Nuit de la R\u00e9v\u00e9lation, 31 jours en eaux profondes. Vol 1<br><\/p>\n\n\n\n<p class=\"has-text-align-right has-cardo-font-family has-medium-font-size\">Juin 2023<\/p>\n<\/div>\n<\/div><\/div>\n","protected":false},"excerpt":{"rendered":"<p>\u00c9v\u00e9nements \u00e0 venir \u00c9v\u00e9nements pass\u00e9s Ann\u00e9e 2024 2\u00e8me Conf\u00e9rence BATIR SA MATERNIT\u00c9 Conf\u00e9rence organis\u00e9e par Vanessa MAKUBAMA fondatrice de Porteuse [&hellip;]<\/p>\n","protected":false},"author":3,"featured_media":0,"parent":0,"menu_order":0,"comment_status":"closed","ping_status":"closed","template":"","meta":{"_uag_custom_page_level_css":"","site-sidebar-layout":"default","site-content-layout":"","ast-site-content-layout":"default","site-content-style":"default","site-sidebar-style":"default","ast-global-header-display":"","ast-banner-title-visibility":"","ast-main-header-display":"","ast-hfb-above-header-display":"","ast-hfb-below-header-display":"","ast-hfb-mobile-header-display":"","site-post-title":"disabled","ast-breadcrumbs-content":"","ast-featured-img":"","footer-sml-layout":"","ast-disable-related-posts":"","theme-transparent-header-meta":"","adv-header-id-meta":"","stick-header-meta":"","header-above-stick-meta":"","header-main-stick-meta":"","header-below-stick-meta":"","astra-migrate-meta-layouts":"default","ast-page-background-enabled":"default","ast-page-background-meta":{"desktop":{"background-color":"var(--ast-global-color-4)","background-image":"","background-repeat":"repeat","background-position":"center center","background-size":"auto","background-attachment":"scroll","background-type":"","background-media":"","overlay-type":"","overlay-color":"","overlay-opacity":"","overlay-gradient":""},"tablet":{"background-color":"","background-image":"","background-repeat":"repeat","background-position":"center center","background-size":"auto","background-attachment":"scroll","background-type":"","background-media":"","overlay-type":"","overlay-color":"","overlay-opacity":"","overlay-gradient":""},"mobile":{"background-color":"","background-image":"","background-repeat":"repeat","background-position":"center center","background-size":"auto","background-attachment":"scroll","background-type":"","background-media":"","overlay-type":"","overlay-color":"","overlay-opacity":"","overlay-gradient":""}},"ast-content-background-meta":{"desktop":{"background-color":"var(--ast-global-color-5)","background-image":"","background-repeat":"repeat","background-position":"center center","background-size":"auto","background-attachment":"scroll","background-type":"","background-media":"","overlay-type":"","overlay-color":"","overlay-opacity":"","overlay-gradient":""},"tablet":{"background-color":"var(--ast-global-color-5)","background-image":"","background-repeat":"repeat","background-position":"center center","background-size":"auto","background-attachment":"scroll","background-type":"","background-media":"","overlay-type":"","overlay-color":"","overlay-opacity":"","overlay-gradient":""},"mobile":{"background-color":"var(--ast-global-color-5)","background-image":"","background-repeat":"repeat","background-position":"center center","background-size":"auto","background-attachment":"scroll","background-type":"","background-media":"","overlay-type":"","overlay-color":"","overlay-opacity":"","overlay-gradient":""}},"footnotes":""},"class_list":["post-416","page","type-page","status-publish","hentry"],"jetpack_sharing_enabled":true,"uagb_featured_image_src":{"full":false,"thumbnail":false,"medium":false,"medium_large":false,"large":false,"1536x1536":false,"2048x2048":false,"mailpoet_newsletter_max":false,"woocommerce_thumbnail":false,"woocommerce_single":false,"woocommerce_gallery_thumbnail":false},"uagb_author_info":{"display_name":"sedimpulsionacademie.com","author_link":"https:\/\/sedimpulsionacademie.com\/home\/author\/oxwpmtxsnf6t\/"},"uagb_comment_info":0,"uagb_excerpt":"\u00c9v\u00e9nements \u00e0 venir \u00c9v\u00e9nements pass\u00e9s Ann\u00e9e 2024 2\u00e8me Conf\u00e9rence BATIR SA MATERNIT\u00c9 Conf\u00e9rence organis\u00e9e par Vanessa MAKUBAMA fondatrice de Porteuse [&hellip;]","_links":{"self":[{"href":"https:\/\/sedimpulsionacademie.com\/home\/wp-json\/wp\/v2\/pages\/416","targetHints":{"allow":["GET"]}}],"collection":[{"href":"https:\/\/sedimpulsionacademie.com\/home\/wp-json\/wp\/v2\/pages"}],"about":[{"href":"https:\/\/sedimpulsionacademie.com\/home\/wp-json\/wp\/v2\/types\/page"}],"author":[{"embeddable":true,"href":"https:\/\/sedimpulsionacademie.com\/home\/wp-json\/wp\/v2\/users\/3"}],"replies":[{"embeddable":true,"href":"https:\/\/sedimpulsionacademie.com\/home\/wp-json\/wp\/v2\/comments?post=416"}],"version-history":[{"count":26,"href":"https:\/\/sedimpulsionacademie.com\/home\/wp-json\/wp\/v2\/pages\/416\/revisions"}],"predecessor-version":[{"id":1374,"href":"https:\/\/sedimpulsionacademie.com\/home\/wp-json\/wp\/v2\/pages\/416\/revisions\/1374"}],"wp:attachment":[{"href":"https:\/\/sedimpulsionacademie.com\/home\/wp-json\/wp\/v2\/media?parent=416"}],"curies":[{"name":"wp","href":"https:\/\/api.w.org\/{rel}","templated":true}]}}