{"id":1029,"date":"2024-10-06T12:45:45","date_gmt":"2024-10-06T12:45:45","guid":{"rendered":"https:\/\/sedimpulsionacademie.com\/?post_type=product&#038;p=1029"},"modified":"2024-11-04T19:56:02","modified_gmt":"2024-11-04T19:56:02","slug":"la-nuit-de-la-revelation-volume-1-31-jours-en-eaux-profondes","status":"publish","type":"product","link":"https:\/\/sedimpulsionacademie.com\/home\/product\/la-nuit-de-la-revelation-volume-1-31-jours-en-eaux-profondes\/","title":{"rendered":"La Nuit de la R\u00e9v\u00e9lation &#8211; Volume 1"},"content":{"rendered":"<p><span class=\"a-text-bold\">ENTRE DANS TA DESTIN\u00c9E, ET PASSE \u00c0 L&rsquo;AUTRE BORD. TON APPEL T&rsquo;ATTEND !<\/span><\/p>\n<p><span class=\"a-text-bold a-text-italic\"><strong>La Nuit de la R\u00e9v\u00e9lation Volume 1<\/strong><\/span> vous emm\u00e8ne \u00e0 vivre et \u00e0 exp\u00e9rimenter une rencontre personnelle avec Dieu. Chaque jour, pendant ces 31 jours, vous irez en eaux profondes dans la m\u00e9ditation de la parole de Dieu pour le d\u00e9couvrir et vous d\u00e9couvrir sous le regard d\u2019amour et de compassion de votre P\u00e8re c\u00e9leste. Assis dans la barque, laissez-vous conduire par le divin capitaine de votre vie.<\/p>\n<p>D\u00e9couvrez la puissance et la profondeur de son amour pour vous, lors de moments privil\u00e9gi\u00e9s avec lui. Laissez J\u00e9sus calmer les temp\u00eates de votre vie et vous r\u00e9v\u00e9ler la puissance de l\u2019amour qu\u2019il a manifest\u00e9 pour vous sur la croix afin de vous pr\u00e9parer \u00e0 devenir l\u2019\u00e9pouse de Christ. Enfin, exp\u00e9rimentez la puissance de l\u2019effusion du Saint-Esprit dans votre vie, pour vivre la consolation dans vos afflictions et recevoir la puissance de Dieu pour avancer pleinement dans votre h\u00e9ritage. Qu\u2019\u00e0 travers ces moments de face-\u00e0-face avec Dieu, vous puissiez entrer dans une dimension d\u2019intimit\u00e9 et de r\u00e9v\u00e9lation pour comprendre et d\u00e9couvrir les myst\u00e8res de la Parole de Dieu.<\/p>\n<p>Une parole de vie, de foi, d\u2019esp\u00e9rance et d\u2019amour qui vous am\u00e8ne \u00e0 vivre et \u00e0 d\u00e9pendre totalement de J\u00e9sus-Christ dans vos temps de pri\u00e8re, de m\u00e9ditation et d\u2019adoration.<\/p>\n<p>C\u2019est dans le lieu secret, que Dieu se r\u00e9v\u00e9lera \u00e0 vous et vous fera exp\u00e9rimenter une dimension nouvelle avec lui. Entrez dans la barque, et laissez Dieu vous conduire \u00e0 l\u2019autre bord, l\u00e0 o\u00f9 votre destin\u00e9e vous attend !<\/p>\n","protected":false},"excerpt":{"rendered":"<blockquote>\n<p class=\"cvGsUA direction-ltr align-center para-style-body\"><span class=\"OYPEnA font-feature-liga-off font-feature-clig-off font-feature-calt-off text-decoration-none text-strikethrough-none\">\u00ab\u00a0Je suis ton P\u00e8re et tu as besoin de moi, je t\u2019instruirai, je te <\/span><span class=\"OYPEnA font-feature-liga-off font-feature-clig-off font-feature-calt-off text-decoration-none text-strikethrough-none\">conduirai par mon Esprit sur les chemins que j\u2019ai trac\u00e9s <\/span><span class=\"OYPEnA font-feature-liga-off font-feature-clig-off font-feature-calt-off text-decoration-none text-strikethrough-none\">pour toi. Je veux le meilleur pour toi, fais-moi confiance <\/span><span class=\"OYPEnA font-feature-liga-off font-feature-clig-off font-feature-calt-off text-decoration-none text-strikethrough-none\">mon fils, ma fille. Tout est possible, je suis le Dieu Cr\u00e9ateur <\/span><span class=\"OYPEnA font-feature-liga-off font-feature-clig-off font-feature-calt-off text-decoration-none text-strikethrough-none\">et rien ne peut s\u2019opposer \u00e0 ma pens\u00e9e.\u00a0\u00bb<\/span><\/p>\n<\/blockquote>\n","protected":false},"featured_media":328,"template":"","meta":{"_uag_custom_page_level_css":"","site-sidebar-layout":"default","site-content-layout":"","ast-site-content-layout":"default","site-content-style":"default","site-sidebar-style":"default","ast-global-header-display":"","ast-banner-title-visibility":"","ast-main-header-display":"","ast-hfb-above-header-display":"","ast-hfb-below-header-display":"","ast-hfb-mobile-header-display":"","site-post-title":"","ast-breadcrumbs-content":"","ast-featured-img":"","footer-sml-layout":"","ast-disable-related-posts":"","theme-transparent-header-meta":"default","adv-header-id-meta":"","stick-header-meta":"","header-above-stick-meta":"","header-main-stick-meta":"","header-below-stick-meta":"","astra-migrate-meta-layouts":"set","ast-page-background-enabled":"default","ast-page-background-meta":{"desktop":{"background-color":"var(--ast-global-color-4)","background-image":"","background-repeat":"repeat","background-position":"center center","background-size":"auto","background-attachment":"scroll","background-type":"","background-media":"","overlay-type":"","overlay-color":"","overlay-opacity":"","overlay-gradient":""},"tablet":{"background-color":"","background-image":"","background-repeat":"repeat","background-position":"center center","background-size":"auto","background-attachment":"scroll","background-type":"","background-media":"","overlay-type":"","overlay-color":"","overlay-opacity":"","overlay-gradient":""},"mobile":{"background-color":"","background-image":"","background-repeat":"repeat","background-position":"center center","background-size":"auto","background-attachment":"scroll","background-type":"","background-media":"","overlay-type":"","overlay-color":"","overlay-opacity":"","overlay-gradient":""}},"ast-content-background-meta":{"desktop":{"background-color":"var(--ast-global-color-5)","background-image":"","background-repeat":"repeat","background-position":"center center","background-size":"auto","background-attachment":"scroll","background-type":"","background-media":"","overlay-type":"","overlay-color":"","overlay-opacity":"","overlay-gradient":""},"tablet":{"background-color":"var(--ast-global-color-5)","background-image":"","background-repeat":"repeat","background-position":"center center","background-size":"auto","background-attachment":"scroll","background-type":"","background-media":"","overlay-type":"","overlay-color":"","overlay-opacity":"","overlay-gradient":""},"mobile":{"background-color":"var(--ast-global-color-5)","background-image":"","background-repeat":"repeat","background-position":"center center","background-size":"auto","background-attachment":"scroll","background-type":"","background-media":"","overlay-type":"","overlay-color":"","overlay-opacity":"","overlay-gradient":""}}},"product_brand":[],"product_cat":[21],"product_tag":[],"class_list":{"0":"post-1029","1":"product","2":"type-product","3":"status-publish","4":"has-post-thumbnail","6":"product_cat-devotionnels","7":"desktop-align-left","8":"tablet-align-left","9":"mobile-align-left","11":"first","12":"instock","13":"shipping-taxable","14":"purchasable","15":"product-type-simple"},"jetpack_sharing_enabled":true,"uagb_featured_image_src":{"full":["https:\/\/sedimpulsionacademie.com\/wp-content\/uploads\/2024\/08\/Visuel-Livre-Papier-1-1.png",1595,1595,false],"thumbnail":["https:\/\/sedimpulsionacademie.com\/wp-content\/uploads\/2024\/08\/Visuel-Livre-Papier-1-1-150x150.png",150,150,true],"medium":["https:\/\/sedimpulsionacademie.com\/wp-content\/uploads\/2024\/08\/Visuel-Livre-Papier-1-1-300x300.png",300,300,true],"medium_large":["https:\/\/sedimpulsionacademie.com\/wp-content\/uploads\/2024\/08\/Visuel-Livre-Papier-1-1-768x768.png",768,768,true],"large":["https:\/\/sedimpulsionacademie.com\/wp-content\/uploads\/2024\/08\/Visuel-Livre-Papier-1-1-1024x1024.png",1024,1024,true],"1536x1536":["https:\/\/sedimpulsionacademie.com\/wp-content\/uploads\/2024\/08\/Visuel-Livre-Papier-1-1-1536x1536.png",1536,1536,true],"2048x2048":["https:\/\/sedimpulsionacademie.com\/wp-content\/uploads\/2024\/08\/Visuel-Livre-Papier-1-1.png",1595,1595,false],"mailpoet_newsletter_max":["https:\/\/sedimpulsionacademie.com\/wp-content\/uploads\/2024\/08\/Visuel-Livre-Papier-1-1.png",1320,1320,false],"woocommerce_thumbnail":["https:\/\/sedimpulsionacademie.com\/wp-content\/uploads\/2024\/08\/Visuel-Livre-Papier-1-1-300x300.png",300,300,true],"woocommerce_single":["https:\/\/sedimpulsionacademie.com\/wp-content\/uploads\/2024\/08\/Visuel-Livre-Papier-1-1-600x600.png",600,600,true],"woocommerce_gallery_thumbnail":["https:\/\/sedimpulsionacademie.com\/wp-content\/uploads\/2024\/08\/Visuel-Livre-Papier-1-1-100x100.png",100,100,true]},"uagb_author_info":{"display_name":"sedimpulsionacademie.com","author_link":"https:\/\/sedimpulsionacademie.com\/home\/author\/"},"uagb_comment_info":0,"uagb_excerpt":"\"Je suis ton P\u00e8re et tu as besoin de moi, je t\u2019instruirai, je te conduirai par mon Esprit sur les chemins que j\u2019ai trac\u00e9s pour toi. Je veux le meilleur pour toi, fais-moi confiance mon fils, ma fille. Tout est possible, je suis le Dieu Cr\u00e9ateur et rien ne peut s\u2019opposer \u00e0 ma pens\u00e9e.\"","_links":{"self":[{"href":"https:\/\/sedimpulsionacademie.com\/home\/wp-json\/wp\/v2\/product\/1029","targetHints":{"allow":["GET"]}}],"collection":[{"href":"https:\/\/sedimpulsionacademie.com\/home\/wp-json\/wp\/v2\/product"}],"about":[{"href":"https:\/\/sedimpulsionacademie.com\/home\/wp-json\/wp\/v2\/types\/product"}],"wp:featuredmedia":[{"embeddable":true,"href":"https:\/\/sedimpulsionacademie.com\/home\/wp-json\/wp\/v2\/media\/328"}],"wp:attachment":[{"href":"https:\/\/sedimpulsionacademie.com\/home\/wp-json\/wp\/v2\/media?parent=1029"}],"wp:term":[{"taxonomy":"product_brand","embeddable":true,"href":"https:\/\/sedimpulsionacademie.com\/home\/wp-json\/wp\/v2\/product_brand?post=1029"},{"taxonomy":"product_cat","embeddable":true,"href":"https:\/\/sedimpulsionacademie.com\/home\/wp-json\/wp\/v2\/product_cat?post=1029"},{"taxonomy":"product_tag","embeddable":true,"href":"https:\/\/sedimpulsionacademie.com\/home\/wp-json\/wp\/v2\/product_tag?post=1029"}],"curies":[{"name":"wp","href":"https:\/\/api.w.org\/{rel}","templated":true}]}}