{"id":1307,"date":"2024-11-03T13:52:46","date_gmt":"2024-11-03T13:52:46","guid":{"rendered":"https:\/\/sedimpulsionacademie.com\/home\/?post_type=product&#038;p=1307"},"modified":"2024-11-04T19:54:44","modified_gmt":"2024-11-04T19:54:44","slug":"la-nuit-de-la-revelation-volume-3-40-jours-de-marche-par-la-foi","status":"publish","type":"product","link":"https:\/\/sedimpulsionacademie.com\/home\/product\/la-nuit-de-la-revelation-volume-3-40-jours-de-marche-par-la-foi\/","title":{"rendered":"La Nuit de la R\u00e9v\u00e9lation &#8211; Volume 3"},"content":{"rendered":"<p><span class=\"a-text-bold\">PERS\u00c9V\u00c8RE ET FORTIFIE-TOI, TON APPEL T\u2019ATTEND DERRI\u00c8RE CE PAS DE FOI !<\/span><\/p>\n<p><span class=\"a-text-bold a-text-italic\">La Nuit de la R\u00e9v\u00e9lation Volume 3<\/span>\u00a0vous emm\u00e8ne \u00e0 vivre et \u00e0 exp\u00e9rimenter une rencontre personnelle avec Dieu.<\/p>\n<p>Chaque jour, pendant ces 40 jours, vous avancerez pas \u00e0 pas par la foi, \u00e0 travers la m\u00e9ditation de la parole de Dieu. C\u2019est en d\u00e9couvrant la grandeur, la puissance et l\u2019amour infinie de Dieu que vous allez r\u00e9aliser combien votre vie a du prix \u00e0 ses yeux. Par la foi, la pri\u00e8re et la pers\u00e9v\u00e9rance en ses promesses, vous verrez le miracle s\u2019accomplir dans votre vie.<\/p>\n<p>Exp\u00e9rimenter le surnaturel et le miraculeux de Dieu sont la dimension de foi que chacun de nous doit aspirer \u00e0 atteindre. Quelles que soient les situations que vous traversez, gardez les yeux fix\u00e9s sur J\u00e9sus, votre guide et votre ami fid\u00e8le. C\u2019est dans vos moments de face-\u00e0-face et d\u2019intimit\u00e9 avec Dieu que vous puiserez vos forces, et par son Esprit le Seigneur vous r\u00e9v\u00e9lera ses plans et ses desseins pour votre vie.<\/p>\n<p>Se lever, oser, avancer et faire ce pas de foi sera essentiel dans ce voyage afin d\u2019arriver l\u00e0 o\u00f9 Dieu vous attend.<\/p>\n<p>Qu\u2019\u00e0 travers ces moments de face-\u00e0-face avec Dieu, vous puissiez entrer dans une dimension d\u2019intimit\u00e9 et de r\u00e9v\u00e9lation pour comprendre et d\u00e9couvrir les myst\u00e8res de la Parole de Dieu. Une parole de vie, de foi, d\u2019esp\u00e9rance et d\u2019amour qui vous am\u00e8ne \u00e0 vivre et \u00e0 d\u00e9pendre totalement de J\u00e9sus-Christ dans vos temps de pri\u00e8re, de m\u00e9ditation et d\u2019adoration. C\u2019est dans le lieu secret que Dieu se r\u00e9v\u00e9lera \u00e0 vous et vous fera exp\u00e9rimenter une dimension nouvelle avec lui.<\/p>\n<p>Pers\u00e9v\u00e9rez et soyez forts, suivez les pas du bon berger, car c\u2019est derri\u00e8re ce pas de foi que votre destin\u00e9e vous attend !<\/p>\n","protected":false},"excerpt":{"rendered":"<blockquote>\n<p class=\"has-text-align-center has-cardo-font-family has-medium-font-size\">La pri\u00e8re par la foi, la cl\u00e9 pour entrer dans la dimension de miracles et de transformation. C\u2019est le moment privil\u00e9gi\u00e9 pour rencontrer Dieu face-\u00e0-face. C\u2019est le temps o\u00f9 tu apprends \u00e0 le conna\u00eetre, l\u2019\u00e9couter, lui parler, le remercier et lui t\u00e9moigner ton amour.<\/p>\n<\/blockquote>\n","protected":false},"featured_media":320,"template":"","meta":{"_uag_custom_page_level_css":"","site-sidebar-layout":"default","site-content-layout":"","ast-site-content-layout":"default","site-content-style":"default","site-sidebar-style":"default","ast-global-header-display":"","ast-banner-title-visibility":"","ast-main-header-display":"","ast-hfb-above-header-display":"","ast-hfb-below-header-display":"","ast-hfb-mobile-header-display":"","site-post-title":"","ast-breadcrumbs-content":"","ast-featured-img":"","footer-sml-layout":"","ast-disable-related-posts":"","theme-transparent-header-meta":"default","adv-header-id-meta":"","stick-header-meta":"","header-above-stick-meta":"","header-main-stick-meta":"","header-below-stick-meta":"","astra-migrate-meta-layouts":"set","ast-page-background-enabled":"default","ast-page-background-meta":{"desktop":{"background-color":"var(--ast-global-color-4)","background-image":"","background-repeat":"repeat","background-position":"center center","background-size":"auto","background-attachment":"scroll","background-type":"","background-media":"","overlay-type":"","overlay-color":"","overlay-opacity":"","overlay-gradient":""},"tablet":{"background-color":"","background-image":"","background-repeat":"repeat","background-position":"center center","background-size":"auto","background-attachment":"scroll","background-type":"","background-media":"","overlay-type":"","overlay-color":"","overlay-opacity":"","overlay-gradient":""},"mobile":{"background-color":"","background-image":"","background-repeat":"repeat","background-position":"center center","background-size":"auto","background-attachment":"scroll","background-type":"","background-media":"","overlay-type":"","overlay-color":"","overlay-opacity":"","overlay-gradient":""}},"ast-content-background-meta":{"desktop":{"background-color":"var(--ast-global-color-5)","background-image":"","background-repeat":"repeat","background-position":"center center","background-size":"auto","background-attachment":"scroll","background-type":"","background-media":"","overlay-type":"","overlay-color":"","overlay-opacity":"","overlay-gradient":""},"tablet":{"background-color":"var(--ast-global-color-5)","background-image":"","background-repeat":"repeat","background-position":"center center","background-size":"auto","background-attachment":"scroll","background-type":"","background-media":"","overlay-type":"","overlay-color":"","overlay-opacity":"","overlay-gradient":""},"mobile":{"background-color":"var(--ast-global-color-5)","background-image":"","background-repeat":"repeat","background-position":"center center","background-size":"auto","background-attachment":"scroll","background-type":"","background-media":"","overlay-type":"","overlay-color":"","overlay-opacity":"","overlay-gradient":""}}},"product_brand":[],"product_cat":[21],"product_tag":[],"class_list":{"0":"post-1307","1":"product","2":"type-product","3":"status-publish","4":"has-post-thumbnail","6":"product_cat-devotionnels","7":"desktop-align-left","8":"tablet-align-left","9":"mobile-align-left","11":"first","12":"instock","13":"shipping-taxable","14":"purchasable","15":"product-type-simple"},"jetpack_sharing_enabled":true,"uagb_featured_image_src":{"full":["https:\/\/sedimpulsionacademie.com\/wp-content\/uploads\/2024\/08\/Visuel-Livre-Papier-1.png",1595,1595,false],"thumbnail":["https:\/\/sedimpulsionacademie.com\/wp-content\/uploads\/2024\/08\/Visuel-Livre-Papier-1-150x150.png",150,150,true],"medium":["https:\/\/sedimpulsionacademie.com\/wp-content\/uploads\/2024\/08\/Visuel-Livre-Papier-1-300x300.png",300,300,true],"medium_large":["https:\/\/sedimpulsionacademie.com\/wp-content\/uploads\/2024\/08\/Visuel-Livre-Papier-1-768x768.png",768,768,true],"large":["https:\/\/sedimpulsionacademie.com\/wp-content\/uploads\/2024\/08\/Visuel-Livre-Papier-1-1024x1024.png",1024,1024,true],"1536x1536":["https:\/\/sedimpulsionacademie.com\/wp-content\/uploads\/2024\/08\/Visuel-Livre-Papier-1-1536x1536.png",1536,1536,true],"2048x2048":["https:\/\/sedimpulsionacademie.com\/wp-content\/uploads\/2024\/08\/Visuel-Livre-Papier-1.png",1595,1595,false],"mailpoet_newsletter_max":["https:\/\/sedimpulsionacademie.com\/wp-content\/uploads\/2024\/08\/Visuel-Livre-Papier-1.png",1320,1320,false],"woocommerce_thumbnail":["https:\/\/sedimpulsionacademie.com\/wp-content\/uploads\/2024\/08\/Visuel-Livre-Papier-1-300x300.png",300,300,true],"woocommerce_single":["https:\/\/sedimpulsionacademie.com\/wp-content\/uploads\/2024\/08\/Visuel-Livre-Papier-1-600x600.png",600,600,true],"woocommerce_gallery_thumbnail":["https:\/\/sedimpulsionacademie.com\/wp-content\/uploads\/2024\/08\/Visuel-Livre-Papier-1-100x100.png",100,100,true]},"uagb_author_info":{"display_name":"sedimpulsionacademie.com","author_link":"https:\/\/sedimpulsionacademie.com\/home\/author\/"},"uagb_comment_info":0,"uagb_excerpt":"La pri\u00e8re par la foi, la cl\u00e9 pour entrer dans la dimension de miracles et de transformation. C\u2019est le moment privil\u00e9gi\u00e9 pour rencontrer Dieu face-\u00e0-face. C\u2019est le temps o\u00f9 tu apprends \u00e0 le conna\u00eetre, l\u2019\u00e9couter, lui parler, le remercier et lui t\u00e9moigner ton amour.","_links":{"self":[{"href":"https:\/\/sedimpulsionacademie.com\/home\/wp-json\/wp\/v2\/product\/1307","targetHints":{"allow":["GET"]}}],"collection":[{"href":"https:\/\/sedimpulsionacademie.com\/home\/wp-json\/wp\/v2\/product"}],"about":[{"href":"https:\/\/sedimpulsionacademie.com\/home\/wp-json\/wp\/v2\/types\/product"}],"wp:featuredmedia":[{"embeddable":true,"href":"https:\/\/sedimpulsionacademie.com\/home\/wp-json\/wp\/v2\/media\/320"}],"wp:attachment":[{"href":"https:\/\/sedimpulsionacademie.com\/home\/wp-json\/wp\/v2\/media?parent=1307"}],"wp:term":[{"taxonomy":"product_brand","embeddable":true,"href":"https:\/\/sedimpulsionacademie.com\/home\/wp-json\/wp\/v2\/product_brand?post=1307"},{"taxonomy":"product_cat","embeddable":true,"href":"https:\/\/sedimpulsionacademie.com\/home\/wp-json\/wp\/v2\/product_cat?post=1307"},{"taxonomy":"product_tag","embeddable":true,"href":"https:\/\/sedimpulsionacademie.com\/home\/wp-json\/wp\/v2\/product_tag?post=1307"}],"curies":[{"name":"wp","href":"https:\/\/api.w.org\/{rel}","templated":true}]}}