{"id":1308,"date":"2024-11-03T14:14:39","date_gmt":"2024-11-03T14:14:39","guid":{"rendered":"https:\/\/sedimpulsionacademie.com\/home\/?post_type=product&#038;p=1308"},"modified":"2024-11-04T19:54:08","modified_gmt":"2024-11-04T19:54:08","slug":"mon-journal-de-meditations-et-de-revelations-31-jours-a-lecoute-de-dieu","status":"publish","type":"product","link":"https:\/\/sedimpulsionacademie.com\/home\/product\/mon-journal-de-meditations-et-de-revelations-31-jours-a-lecoute-de-dieu\/","title":{"rendered":"Mon Journal de M\u00e9ditations et de R\u00e9v\u00e9lations"},"content":{"rendered":"<p><span class=\"a-text-bold\">Bien plus qu\u2019un journal, ce sont des rendez-vous de c\u0153ur \u00e0 c\u0153ur avec ton cr\u00e9ateur<\/span><br \/>\nLe\u00a0<span class=\"a-text-bold a-text-italic\">\u00ab Journal de M\u00e9ditations et de R\u00e9v\u00e9lations : 31 jours \u00e0 l&rsquo;\u00e9coute de Dieu \u00bb\u00a0<\/span>te conduira \u00e0 rencontrer Dieu le P\u00e8re lors de tes temps d\u2019intimit\u00e9 et de face-\u00e0-face avec lui. Des rendez-vous journaliers privil\u00e9gi\u00e9s pour entendre, conna\u00eetre, d\u00e9couvrir ton cr\u00e9ateur et chercher le c\u0153ur de Dieu pour ta destin\u00e9e dans une nouvelle dimension de r\u00e9v\u00e9lation \u00e0 travers la m\u00e9ditation de la Parole de Dieu, la pri\u00e8re et la d\u00e9couverte des myst\u00e8res cach\u00e9s enfouis dans sa Parole. C\u2019est l\u2019outil id\u00e9al pour t\u2019organiser, planifier et suivre tes moments de m\u00e9ditation, de r\u00e9v\u00e9lation, d\u2019exaucement et de gratitude pendant 31 jours. Bien plus qu\u2019un journal, il s\u2019agit de correspondances, de c\u0153ur \u00e0 coeur et de messages divins qui te permettront de grandir dans ta communion, ton amour et ta relation avec Dieu. \u00c9crire te permettra de conserver chacune des paroles r\u00e9v\u00e9l\u00e9es et re\u00e7ues afin de garder la foi en toutes circonstances.<br \/>\n<span class=\"a-text-italic\">\u00ab L\u2019\u00c9ternel m\u2019adressa la parole, et il dit : \u00c9cris la proph\u00e9tie : Grave-la sur des tables, Afin qu\u2019on la lise couramment.<br \/>\nCar c\u2019est une proph\u00e9tie dont le temps est d\u00e9j\u00e0 fix\u00e9, Elle marche vers son terme, et elle ne mentira pas; Si elle tarde, attends-la, Car elle s\u2019accomplira, elle s\u2019accomplira certainement. \u00bb<\/span><span class=\"a-text-bold\">\u00a0Habakuk 2 : 2-3<\/span><\/p>\n","protected":false},"excerpt":{"rendered":"<blockquote>\n<p class=\"has-text-align-center has-cardo-font-family has-medium-font-size\">Ce journal de m\u00e9ditations et de r\u00e9v\u00e9lations, te sera utile lors de tes rendez-vous avec Dieu : de m\u00e9ditation, de pri\u00e8re et de partage. C\u2019est l\u2019outil id\u00e9al pour t\u2019organiser, planifier et suivre tes temps de m\u00e9ditation, de r\u00e9v\u00e9lation, d\u2019exaucement et de gratitude pendant 31 jours.<\/p>\n<\/blockquote>\n","protected":false},"featured_media":317,"template":"","meta":{"_uag_custom_page_level_css":"","site-sidebar-layout":"default","site-content-layout":"","ast-site-content-layout":"default","site-content-style":"default","site-sidebar-style":"default","ast-global-header-display":"","ast-banner-title-visibility":"","ast-main-header-display":"","ast-hfb-above-header-display":"","ast-hfb-below-header-display":"","ast-hfb-mobile-header-display":"","site-post-title":"","ast-breadcrumbs-content":"","ast-featured-img":"","footer-sml-layout":"","ast-disable-related-posts":"","theme-transparent-header-meta":"default","adv-header-id-meta":"","stick-header-meta":"","header-above-stick-meta":"","header-main-stick-meta":"","header-below-stick-meta":"","astra-migrate-meta-layouts":"set","ast-page-background-enabled":"default","ast-page-background-meta":{"desktop":{"background-color":"var(--ast-global-color-4)","background-image":"","background-repeat":"repeat","background-position":"center center","background-size":"auto","background-attachment":"scroll","background-type":"","background-media":"","overlay-type":"","overlay-color":"","overlay-opacity":"","overlay-gradient":""},"tablet":{"background-color":"","background-image":"","background-repeat":"repeat","background-position":"center center","background-size":"auto","background-attachment":"scroll","background-type":"","background-media":"","overlay-type":"","overlay-color":"","overlay-opacity":"","overlay-gradient":""},"mobile":{"background-color":"","background-image":"","background-repeat":"repeat","background-position":"center center","background-size":"auto","background-attachment":"scroll","background-type":"","background-media":"","overlay-type":"","overlay-color":"","overlay-opacity":"","overlay-gradient":""}},"ast-content-background-meta":{"desktop":{"background-color":"var(--ast-global-color-5)","background-image":"","background-repeat":"repeat","background-position":"center center","background-size":"auto","background-attachment":"scroll","background-type":"","background-media":"","overlay-type":"","overlay-color":"","overlay-opacity":"","overlay-gradient":""},"tablet":{"background-color":"var(--ast-global-color-5)","background-image":"","background-repeat":"repeat","background-position":"center center","background-size":"auto","background-attachment":"scroll","background-type":"","background-media":"","overlay-type":"","overlay-color":"","overlay-opacity":"","overlay-gradient":""},"mobile":{"background-color":"var(--ast-global-color-5)","background-image":"","background-repeat":"repeat","background-position":"center center","background-size":"auto","background-attachment":"scroll","background-type":"","background-media":"","overlay-type":"","overlay-color":"","overlay-opacity":"","overlay-gradient":""}}},"product_brand":[],"product_cat":[21],"product_tag":[],"class_list":{"0":"post-1308","1":"product","2":"type-product","3":"status-publish","4":"has-post-thumbnail","6":"product_cat-devotionnels","7":"desktop-align-left","8":"tablet-align-left","9":"mobile-align-left","11":"first","12":"instock","13":"shipping-taxable","14":"purchasable","15":"product-type-simple"},"jetpack_sharing_enabled":true,"uagb_featured_image_src":{"full":["https:\/\/sedimpulsionacademie.com\/wp-content\/uploads\/2024\/08\/Visuel-Livre-Papier.png",1595,1595,false],"thumbnail":["https:\/\/sedimpulsionacademie.com\/wp-content\/uploads\/2024\/08\/Visuel-Livre-Papier-150x150.png",150,150,true],"medium":["https:\/\/sedimpulsionacademie.com\/wp-content\/uploads\/2024\/08\/Visuel-Livre-Papier-300x300.png",300,300,true],"medium_large":["https:\/\/sedimpulsionacademie.com\/wp-content\/uploads\/2024\/08\/Visuel-Livre-Papier-768x768.png",768,768,true],"large":["https:\/\/sedimpulsionacademie.com\/wp-content\/uploads\/2024\/08\/Visuel-Livre-Papier-1024x1024.png",1024,1024,true],"1536x1536":["https:\/\/sedimpulsionacademie.com\/wp-content\/uploads\/2024\/08\/Visuel-Livre-Papier-1536x1536.png",1536,1536,true],"2048x2048":["https:\/\/sedimpulsionacademie.com\/wp-content\/uploads\/2024\/08\/Visuel-Livre-Papier.png",1595,1595,false],"mailpoet_newsletter_max":["https:\/\/sedimpulsionacademie.com\/wp-content\/uploads\/2024\/08\/Visuel-Livre-Papier.png",1320,1320,false],"woocommerce_thumbnail":["https:\/\/sedimpulsionacademie.com\/wp-content\/uploads\/2024\/08\/Visuel-Livre-Papier-300x300.png",300,300,true],"woocommerce_single":["https:\/\/sedimpulsionacademie.com\/wp-content\/uploads\/2024\/08\/Visuel-Livre-Papier-600x600.png",600,600,true],"woocommerce_gallery_thumbnail":["https:\/\/sedimpulsionacademie.com\/wp-content\/uploads\/2024\/08\/Visuel-Livre-Papier-100x100.png",100,100,true]},"uagb_author_info":{"display_name":"sedimpulsionacademie.com","author_link":"https:\/\/sedimpulsionacademie.com\/home\/author\/"},"uagb_comment_info":0,"uagb_excerpt":"Ce journal de m\u00e9ditations et de r\u00e9v\u00e9lations, te sera utile lors de tes rendez-vous avec Dieu : de m\u00e9ditation, de pri\u00e8re et de partage. C\u2019est l\u2019outil id\u00e9al pour t\u2019organiser, planifier et suivre tes temps de m\u00e9ditation, de r\u00e9v\u00e9lation, d\u2019exaucement et de gratitude pendant 31 jours.","_links":{"self":[{"href":"https:\/\/sedimpulsionacademie.com\/home\/wp-json\/wp\/v2\/product\/1308","targetHints":{"allow":["GET"]}}],"collection":[{"href":"https:\/\/sedimpulsionacademie.com\/home\/wp-json\/wp\/v2\/product"}],"about":[{"href":"https:\/\/sedimpulsionacademie.com\/home\/wp-json\/wp\/v2\/types\/product"}],"wp:featuredmedia":[{"embeddable":true,"href":"https:\/\/sedimpulsionacademie.com\/home\/wp-json\/wp\/v2\/media\/317"}],"wp:attachment":[{"href":"https:\/\/sedimpulsionacademie.com\/home\/wp-json\/wp\/v2\/media?parent=1308"}],"wp:term":[{"taxonomy":"product_brand","embeddable":true,"href":"https:\/\/sedimpulsionacademie.com\/home\/wp-json\/wp\/v2\/product_brand?post=1308"},{"taxonomy":"product_cat","embeddable":true,"href":"https:\/\/sedimpulsionacademie.com\/home\/wp-json\/wp\/v2\/product_cat?post=1308"},{"taxonomy":"product_tag","embeddable":true,"href":"https:\/\/sedimpulsionacademie.com\/home\/wp-json\/wp\/v2\/product_tag?post=1308"}],"curies":[{"name":"wp","href":"https:\/\/api.w.org\/{rel}","templated":true}]}}