{"id":1309,"date":"2024-11-03T14:22:19","date_gmt":"2024-11-03T14:22:19","guid":{"rendered":"https:\/\/sedimpulsionacademie.com\/home\/?post_type=product&#038;p=1309"},"modified":"2024-11-09T18:32:02","modified_gmt":"2024-11-09T18:32:02","slug":"perle-precieuse-aimee-choisie-et-appelee-21-jours-pour-reveler-son-identite-divine","status":"publish","type":"product","link":"https:\/\/sedimpulsionacademie.com\/home\/product\/perle-precieuse-aimee-choisie-et-appelee-21-jours-pour-reveler-son-identite-divine\/","title":{"rendered":"Perle Pr\u00e9cieuse : Aim\u00e9e, Choisie et Appel\u00e9e"},"content":{"rendered":"<p>Qui es-tu ? Que fais-tu ? Comment te d\u00e9finis-tu ? Que dit-on de toi ? D\u2019o\u00f9 viens-tu ? Conna\u00eetre qui tu es et ce \u00e0 quoi tu es appel\u00e9 est une \u00e9tape essentielle pour entrer, vivre et accomplir ta destin\u00e9e.<br \/>\nTr\u00e8s souvent, le monde, les situations de la vie ont d\u00e9form\u00e9 l\u2019image que tu as de toi. Le doute, la mauvaise estime de soi, le manque de confiance en soi, les blessures de la vie prennent placent et t\u2019\u00e9loignent de la personne que Dieu a cr\u00e9\u00e9e. Ta r\u00e9elle identit\u00e9 divine a besoin de se r\u00e9v\u00e9ler et de se manifester car Dieu a besoin de toi pour apporter la lumi\u00e8re dans les t\u00e9n\u00e8bres !<br \/>\n<span class=\"a-text-italic\">\u00ab Que votre lumi\u00e8re luise ainsi devant les hommes, afin qu\u2019ils voient les bonnes \u0153uvres, et qu\u2019ils glorifient votre P\u00e8re qui est dans les cieux \u00bb<\/span>\u00a0&#8211;\u00a0<span class=\"a-text-bold\">Matthieu 5 : 16<\/span><br \/>\n<span class=\"a-text-bold\">Au cours de ces 21 jours<\/span>, tu d\u00e9couvriras la Perle Pr\u00e9cieuse que tu es aux yeux de Dieu, une Perle de Grand Prix,\u00a0<span class=\"a-text-bold\">aim\u00e9e, choisie et appel\u00e9e par Dieu<\/span>, pour r\u00e9gner et dominer dans ton environnement (familial, personnel, professionnel, sph\u00e8res d\u2019influence, nations \u2026). Pars \u00e0 la rencontre de toi-m\u00eame \u00e0 travers ce d\u00e9votionnel, ce guide, ce journal qui t\u2019emm\u00e8nera jour apr\u00e8s jour plus pr\u00e8s du c\u0153ur de Dieu.<br \/>\nDes temps mis \u00e0 part, pour d\u00e9couvrir qui tu es afin de te positionner pleinement dans l\u2019appel, la mission, la destin\u00e9e que Dieu a pr\u00e9vue pour toi.\u00a0<span class=\"a-text-bold\">Un cheminement au c\u0153ur de la parole de Dieu avec des moments de m\u00e9ditation, de pri\u00e8res, de r\u00e9v\u00e9lations et d\u2019actions pour vivre pleinement son identit\u00e9 divine.<\/span><\/p>\n","protected":false},"excerpt":{"rendered":"<blockquote><p>Oui tu es la fille, le fils du Roi des rois, et il t\u2019appelle \u00e0 r\u00e9gner. Es-tu pr\u00eat(e) \u00e0 te v\u00eatir de ton identit\u00e9 divine et \u00e0 agir pleinement en connaissance de qui tu es avec audace, foi et pers\u00e9v\u00e9rance? Que le Seigneur J\u00e9sus-Christ te b\u00e9nisse richement. Bon cheminement \u00e0 la d\u00e9couverte de ton identit\u00e9 et de ton appel !<\/p><\/blockquote>\n","protected":false},"featured_media":819,"template":"","meta":{"_uag_custom_page_level_css":"","site-sidebar-layout":"default","site-content-layout":"","ast-site-content-layout":"default","site-content-style":"default","site-sidebar-style":"default","ast-global-header-display":"","ast-banner-title-visibility":"","ast-main-header-display":"","ast-hfb-above-header-display":"","ast-hfb-below-header-display":"","ast-hfb-mobile-header-display":"","site-post-title":"","ast-breadcrumbs-content":"","ast-featured-img":"","footer-sml-layout":"","ast-disable-related-posts":"","theme-transparent-header-meta":"default","adv-header-id-meta":"","stick-header-meta":"","header-above-stick-meta":"","header-main-stick-meta":"","header-below-stick-meta":"","astra-migrate-meta-layouts":"set","ast-page-background-enabled":"default","ast-page-background-meta":{"desktop":{"background-color":"var(--ast-global-color-4)","background-image":"","background-repeat":"repeat","background-position":"center center","background-size":"auto","background-attachment":"scroll","background-type":"","background-media":"","overlay-type":"","overlay-color":"","overlay-opacity":"","overlay-gradient":""},"tablet":{"background-color":"","background-image":"","background-repeat":"repeat","background-position":"center center","background-size":"auto","background-attachment":"scroll","background-type":"","background-media":"","overlay-type":"","overlay-color":"","overlay-opacity":"","overlay-gradient":""},"mobile":{"background-color":"","background-image":"","background-repeat":"repeat","background-position":"center center","background-size":"auto","background-attachment":"scroll","background-type":"","background-media":"","overlay-type":"","overlay-color":"","overlay-opacity":"","overlay-gradient":""}},"ast-content-background-meta":{"desktop":{"background-color":"var(--ast-global-color-5)","background-image":"","background-repeat":"repeat","background-position":"center center","background-size":"auto","background-attachment":"scroll","background-type":"","background-media":"","overlay-type":"","overlay-color":"","overlay-opacity":"","overlay-gradient":""},"tablet":{"background-color":"var(--ast-global-color-5)","background-image":"","background-repeat":"repeat","background-position":"center center","background-size":"auto","background-attachment":"scroll","background-type":"","background-media":"","overlay-type":"","overlay-color":"","overlay-opacity":"","overlay-gradient":""},"mobile":{"background-color":"var(--ast-global-color-5)","background-image":"","background-repeat":"repeat","background-position":"center center","background-size":"auto","background-attachment":"scroll","background-type":"","background-media":"","overlay-type":"","overlay-color":"","overlay-opacity":"","overlay-gradient":""}}},"product_brand":[],"product_cat":[21],"product_tag":[],"class_list":{"0":"post-1309","1":"product","2":"type-product","3":"status-publish","4":"has-post-thumbnail","6":"product_cat-devotionnels","7":"desktop-align-left","8":"tablet-align-left","9":"mobile-align-left","11":"first","12":"instock","13":"shipping-taxable","14":"purchasable","15":"product-type-simple"},"jetpack_sharing_enabled":true,"uagb_featured_image_src":{"full":["https:\/\/sedimpulsionacademie.com\/wp-content\/uploads\/2024\/09\/Visuel-Livre-Papier-8.png",1595,1595,false],"thumbnail":["https:\/\/sedimpulsionacademie.com\/wp-content\/uploads\/2024\/09\/Visuel-Livre-Papier-8-150x150.png",150,150,true],"medium":["https:\/\/sedimpulsionacademie.com\/wp-content\/uploads\/2024\/09\/Visuel-Livre-Papier-8-300x300.png",300,300,true],"medium_large":["https:\/\/sedimpulsionacademie.com\/wp-content\/uploads\/2024\/09\/Visuel-Livre-Papier-8-768x768.png",768,768,true],"large":["https:\/\/sedimpulsionacademie.com\/wp-content\/uploads\/2024\/09\/Visuel-Livre-Papier-8-1024x1024.png",1024,1024,true],"1536x1536":["https:\/\/sedimpulsionacademie.com\/wp-content\/uploads\/2024\/09\/Visuel-Livre-Papier-8-1536x1536.png",1536,1536,true],"2048x2048":["https:\/\/sedimpulsionacademie.com\/wp-content\/uploads\/2024\/09\/Visuel-Livre-Papier-8.png",1595,1595,false],"mailpoet_newsletter_max":["https:\/\/sedimpulsionacademie.com\/wp-content\/uploads\/2024\/09\/Visuel-Livre-Papier-8.png",1320,1320,false],"woocommerce_thumbnail":["https:\/\/sedimpulsionacademie.com\/wp-content\/uploads\/2024\/09\/Visuel-Livre-Papier-8-300x300.png",300,300,true],"woocommerce_single":["https:\/\/sedimpulsionacademie.com\/wp-content\/uploads\/2024\/09\/Visuel-Livre-Papier-8-600x600.png",600,600,true],"woocommerce_gallery_thumbnail":["https:\/\/sedimpulsionacademie.com\/wp-content\/uploads\/2024\/09\/Visuel-Livre-Papier-8-100x100.png",100,100,true]},"uagb_author_info":{"display_name":"sedimpulsionacademie.com","author_link":"https:\/\/sedimpulsionacademie.com\/home\/author\/"},"uagb_comment_info":0,"uagb_excerpt":"Oui tu es la fille, le fils du Roi des rois, et il t\u2019appelle \u00e0 r\u00e9gner. Es-tu pr\u00eat(e) \u00e0 te v\u00eatir de ton identit\u00e9 divine et \u00e0 agir pleinement en connaissance de qui tu es avec audace, foi et pers\u00e9v\u00e9rance? Que le Seigneur J\u00e9sus-Christ te b\u00e9nisse richement. Bon cheminement \u00e0 la d\u00e9couverte de ton identit\u00e9\u2026","_links":{"self":[{"href":"https:\/\/sedimpulsionacademie.com\/home\/wp-json\/wp\/v2\/product\/1309","targetHints":{"allow":["GET"]}}],"collection":[{"href":"https:\/\/sedimpulsionacademie.com\/home\/wp-json\/wp\/v2\/product"}],"about":[{"href":"https:\/\/sedimpulsionacademie.com\/home\/wp-json\/wp\/v2\/types\/product"}],"wp:featuredmedia":[{"embeddable":true,"href":"https:\/\/sedimpulsionacademie.com\/home\/wp-json\/wp\/v2\/media\/819"}],"wp:attachment":[{"href":"https:\/\/sedimpulsionacademie.com\/home\/wp-json\/wp\/v2\/media?parent=1309"}],"wp:term":[{"taxonomy":"product_brand","embeddable":true,"href":"https:\/\/sedimpulsionacademie.com\/home\/wp-json\/wp\/v2\/product_brand?post=1309"},{"taxonomy":"product_cat","embeddable":true,"href":"https:\/\/sedimpulsionacademie.com\/home\/wp-json\/wp\/v2\/product_cat?post=1309"},{"taxonomy":"product_tag","embeddable":true,"href":"https:\/\/sedimpulsionacademie.com\/home\/wp-json\/wp\/v2\/product_tag?post=1309"}],"curies":[{"name":"wp","href":"https:\/\/api.w.org\/{rel}","templated":true}]}}