{"id":1361,"date":"2024-11-04T20:03:10","date_gmt":"2024-11-04T20:03:10","guid":{"rendered":"https:\/\/sedimpulsionacademie.com\/home\/?post_type=product&#038;p=1361"},"modified":"2024-11-04T20:04:06","modified_gmt":"2024-11-04T20:04:06","slug":"esther-princesse-au-palais-royal-ebook","status":"publish","type":"product","link":"https:\/\/sedimpulsionacademie.com\/home\/product\/esther-princesse-au-palais-royal-ebook\/","title":{"rendered":"Esther princesse au palais royal &#8211; Ebook"},"content":{"rendered":"<p>D\u00e9couvre \u00e0 travers le quotidien de la jeune Esther, l\u2019amour de Dieu pour toi.<br \/>\nEsther, une jeune fille juive et orpheline, est emmen\u00e9e au Palais du Roi pour y apprendre \u00e0 devenir Reine.<br \/>\nChaque jour, tu d\u00e9couvres sa vie, ses activit\u00e9s, ses amies, mais aussi ses temps de pri\u00e8re avec son Dieu, son P\u00e8re.<br \/>\nEt pour toi aussi, ch\u00e8re princesse, ce livre est un v\u00e9ritable tr\u00e9sor, car il s\u2019agit de ton cahier de pri\u00e8res et de r\u00eaves que tu \u00e9cris avec Dieu chaque jour.<br \/>\nLaisse-toi bercer par la douceur du Palais Royal, et avance au rythme des journ\u00e9es entre la salle de classe et les jardins du Palais l\u00e0 o\u00f9 r\u00e8gnent joie et bonheur. Mais reste prudente et \u00e0 l\u2019\u00e9coute de ton professeur, car il arrivera des moments o\u00f9 tu devras faire face \u00e0 la jalousie et la m\u00e9chancet\u00e9.<br \/>\nR\u00e9agiras-tu avec amour comme la reine Esther, qui a rencontr\u00e9 le Dieu de l\u2019Amour ?Toi aussi, pars \u00e0 la rencontre de ton Dieu. Il t\u2019aime et t\u2019aimera toujours.<br \/>\nBienvenue au Palais Royal, l\u00e0 o\u00f9 r\u00e8gnent secrets, v\u00e9rit\u00e9s, et sagesse divine !<\/p>\n","protected":false},"excerpt":{"rendered":"<blockquote><p>Bienvenue au Palais Royal, l\u00e0 o\u00f9 r\u00e8gnent secrets, v\u00e9rit\u00e9s, et sagesse divine ! D\u00e9couvre \u00e0 travers le quotidien de la jeune Esther, l\u2019amour de Dieu pour toi. Chaque jour, tu d\u00e9couvres sa vie, ses activit\u00e9s, ses amies, mais aussi ses temps de pri\u00e8re avec son Dieu, son P\u00e8re.<\/p><\/blockquote>\n","protected":false},"featured_media":1253,"template":"","meta":{"_uag_custom_page_level_css":"","site-sidebar-layout":"default","site-content-layout":"","ast-site-content-layout":"default","site-content-style":"default","site-sidebar-style":"default","ast-global-header-display":"","ast-banner-title-visibility":"","ast-main-header-display":"","ast-hfb-above-header-display":"","ast-hfb-below-header-display":"","ast-hfb-mobile-header-display":"","site-post-title":"","ast-breadcrumbs-content":"","ast-featured-img":"","footer-sml-layout":"","ast-disable-related-posts":"","theme-transparent-header-meta":"default","adv-header-id-meta":"","stick-header-meta":"","header-above-stick-meta":"","header-main-stick-meta":"","header-below-stick-meta":"","astra-migrate-meta-layouts":"set","ast-page-background-enabled":"default","ast-page-background-meta":{"desktop":{"background-color":"var(--ast-global-color-4)","background-image":"","background-repeat":"repeat","background-position":"center center","background-size":"auto","background-attachment":"scroll","background-type":"","background-media":"","overlay-type":"","overlay-color":"","overlay-opacity":"","overlay-gradient":""},"tablet":{"background-color":"","background-image":"","background-repeat":"repeat","background-position":"center center","background-size":"auto","background-attachment":"scroll","background-type":"","background-media":"","overlay-type":"","overlay-color":"","overlay-opacity":"","overlay-gradient":""},"mobile":{"background-color":"","background-image":"","background-repeat":"repeat","background-position":"center center","background-size":"auto","background-attachment":"scroll","background-type":"","background-media":"","overlay-type":"","overlay-color":"","overlay-opacity":"","overlay-gradient":""}},"ast-content-background-meta":{"desktop":{"background-color":"var(--ast-global-color-5)","background-image":"","background-repeat":"repeat","background-position":"center center","background-size":"auto","background-attachment":"scroll","background-type":"","background-media":"","overlay-type":"","overlay-color":"","overlay-opacity":"","overlay-gradient":""},"tablet":{"background-color":"var(--ast-global-color-5)","background-image":"","background-repeat":"repeat","background-position":"center center","background-size":"auto","background-attachment":"scroll","background-type":"","background-media":"","overlay-type":"","overlay-color":"","overlay-opacity":"","overlay-gradient":""},"mobile":{"background-color":"var(--ast-global-color-5)","background-image":"","background-repeat":"repeat","background-position":"center center","background-size":"auto","background-attachment":"scroll","background-type":"","background-media":"","overlay-type":"","overlay-color":"","overlay-opacity":"","overlay-gradient":""}}},"product_brand":[],"product_cat":[22],"product_tag":[],"class_list":{"0":"post-1361","1":"product","2":"type-product","3":"status-publish","4":"has-post-thumbnail","6":"product_cat-jeunesse","7":"desktop-align-left","8":"tablet-align-left","9":"mobile-align-left","11":"first","12":"instock","13":"downloadable","14":"shipping-taxable","15":"purchasable","16":"product-type-simple"},"jetpack_sharing_enabled":true,"uagb_featured_image_src":{"full":["https:\/\/sedimpulsionacademie.com\/wp-content\/uploads\/2024\/10\/esther_livre1.jpg",522,522,false],"thumbnail":["https:\/\/sedimpulsionacademie.com\/wp-content\/uploads\/2024\/10\/esther_livre1-150x150.jpg",150,150,true],"medium":["https:\/\/sedimpulsionacademie.com\/wp-content\/uploads\/2024\/10\/esther_livre1-300x300.jpg",300,300,true],"medium_large":["https:\/\/sedimpulsionacademie.com\/wp-content\/uploads\/2024\/10\/esther_livre1.jpg",522,522,false],"large":["https:\/\/sedimpulsionacademie.com\/wp-content\/uploads\/2024\/10\/esther_livre1.jpg",522,522,false],"1536x1536":["https:\/\/sedimpulsionacademie.com\/wp-content\/uploads\/2024\/10\/esther_livre1.jpg",522,522,false],"2048x2048":["https:\/\/sedimpulsionacademie.com\/wp-content\/uploads\/2024\/10\/esther_livre1.jpg",522,522,false],"mailpoet_newsletter_max":["https:\/\/sedimpulsionacademie.com\/wp-content\/uploads\/2024\/10\/esther_livre1.jpg",522,522,false],"woocommerce_thumbnail":["https:\/\/sedimpulsionacademie.com\/wp-content\/uploads\/2024\/10\/esther_livre1-300x300.jpg",300,300,true],"woocommerce_single":["https:\/\/sedimpulsionacademie.com\/wp-content\/uploads\/2024\/10\/esther_livre1.jpg",522,522,false],"woocommerce_gallery_thumbnail":["https:\/\/sedimpulsionacademie.com\/wp-content\/uploads\/2024\/10\/esther_livre1-100x100.jpg",100,100,true]},"uagb_author_info":{"display_name":"sedimpulsionacademie.com","author_link":"https:\/\/sedimpulsionacademie.com\/home\/author\/"},"uagb_comment_info":0,"uagb_excerpt":"Bienvenue au Palais Royal, l\u00e0 o\u00f9 r\u00e8gnent secrets, v\u00e9rit\u00e9s, et sagesse divine ! D\u00e9couvre \u00e0 travers le quotidien de la jeune Esther, l\u2019amour de Dieu pour toi. Chaque jour, tu d\u00e9couvres sa vie, ses activit\u00e9s, ses amies, mais aussi ses temps de pri\u00e8re avec son Dieu, son P\u00e8re.","_links":{"self":[{"href":"https:\/\/sedimpulsionacademie.com\/home\/wp-json\/wp\/v2\/product\/1361","targetHints":{"allow":["GET"]}}],"collection":[{"href":"https:\/\/sedimpulsionacademie.com\/home\/wp-json\/wp\/v2\/product"}],"about":[{"href":"https:\/\/sedimpulsionacademie.com\/home\/wp-json\/wp\/v2\/types\/product"}],"wp:featuredmedia":[{"embeddable":true,"href":"https:\/\/sedimpulsionacademie.com\/home\/wp-json\/wp\/v2\/media\/1253"}],"wp:attachment":[{"href":"https:\/\/sedimpulsionacademie.com\/home\/wp-json\/wp\/v2\/media?parent=1361"}],"wp:term":[{"taxonomy":"product_brand","embeddable":true,"href":"https:\/\/sedimpulsionacademie.com\/home\/wp-json\/wp\/v2\/product_brand?post=1361"},{"taxonomy":"product_cat","embeddable":true,"href":"https:\/\/sedimpulsionacademie.com\/home\/wp-json\/wp\/v2\/product_cat?post=1361"},{"taxonomy":"product_tag","embeddable":true,"href":"https:\/\/sedimpulsionacademie.com\/home\/wp-json\/wp\/v2\/product_tag?post=1361"}],"curies":[{"name":"wp","href":"https:\/\/api.w.org\/{rel}","templated":true}]}}