{"id":1365,"date":"2024-11-04T20:06:18","date_gmt":"2024-11-04T20:06:18","guid":{"rendered":"https:\/\/sedimpulsionacademie.com\/home\/?post_type=product&#038;p=1365"},"modified":"2024-11-04T20:07:02","modified_gmt":"2024-11-04T20:07:02","slug":"la-nuit-de-la-revelation-volume-2-ebook","status":"publish","type":"product","link":"https:\/\/sedimpulsionacademie.com\/home\/product\/la-nuit-de-la-revelation-volume-2-ebook\/","title":{"rendered":"La Nuit de la R\u00e9v\u00e9lation &#8211; Volume 2 &#8211; Ebook"},"content":{"rendered":"<p><span class=\"a-text-bold\">ACQUIERS LA SAGESSE ET B\u00c2TIS TA \u00ab MAISON \u00bb INT\u00c9RIEURE, TON APPEL T&rsquo;ATTEND !<\/span><\/p>\n<p><span class=\"a-text-bold a-text-italic\">La Nuit de la R\u00e9v\u00e9lation Volume 2\u00a0<\/span>vous emm\u00e8ne \u00e0 vivre et \u00e0 exp\u00e9rimenter une rencontre personnelle avec Dieu.<\/p>\n<p>Chaque jour, pendant ces 30 jours, vous irez au c\u0153ur de la sagesse infinie de Dieu le cr\u00e9ateur \u00e0 travers la m\u00e9ditation de la parole de Dieu. C\u2019est en d\u00e9couvrant la grandeur, la puissance et l\u2019amour infini de Dieu que vous allez r\u00e9aliser combien votre vie a du prix \u00e0 ses yeux. Par la sagesse vous b\u00e2tissez la personne que vous \u00eates appel\u00e9e \u00e0 DEVENIR.<\/p>\n<p>Assis \u00e0 contempler la cr\u00e9ation de Dieu, laissez-vous conduire par le meilleur enseignant pour votre vie. C\u2019est ainsi qu\u2019il vous r\u00e9v\u00e8lera son amour parfait de P\u00e8re, mais \u00e9galement la puissance de l\u2019amour que J\u00e9sus a manifest\u00e9 pour vous sur la croix afin de vous pr\u00e9parer \u00e0 devenir l\u2019\u00e9pouse de Christ. Enfin, exp\u00e9rimentez la puissance de l\u2019effusion du Saint-Esprit dans votre vie, pour vivre la consolation dans vos afflictions et recevoir la puissance de Dieu pour avancer pleinement dans votre h\u00e9ritage.<\/p>\n<p>Qu\u2019\u00e0 travers ces moments de face-\u00e0-face avec Dieu, vous puissiez entrer dans une dimension d\u2019intimit\u00e9 et de r\u00e9v\u00e9lation pour comprendre et d\u00e9couvrir les myst\u00e8res de la Parole de Dieu. Une parole de vie, de foi, d\u2019esp\u00e9rance et d\u2019amour qui vous am\u00e8ne \u00e0 vivre et \u00e0 d\u00e9pendre totalement de J\u00e9sus-Christ dans vos temps de pri\u00e8re, de m\u00e9ditation et d\u2019adoration. C\u2019est dans le lieu secret que Dieu se r\u00e9v\u00e9lera \u00e0 vous et vous fera exp\u00e9rimenter une dimension nouvelle avec lui.<\/p>\n<p>Recherchez la sagesse qui vient de Dieu et laissez Dieu vous conduire au c\u0153ur de la connaissance de son appel pour vous, l\u00e0 o\u00f9 votre destin\u00e9e vous attend !<\/p>\n","protected":false},"excerpt":{"rendered":"<blockquote><p>La crainte de l\u2019\u00c9ternel est le commencement de la sagesse. Dieu a tout cr\u00e9\u00e9 par sa parole. Dieu a tout cr\u00e9\u00e9 avec sagesse, intelligence et ordre. Il est la sagesse m\u00eame, il est l\u2019intelligence, la science et la connaissance de toutes choses.<\/p><\/blockquote>\n","protected":false},"featured_media":324,"template":"","meta":{"_uag_custom_page_level_css":"","site-sidebar-layout":"default","site-content-layout":"","ast-site-content-layout":"default","site-content-style":"default","site-sidebar-style":"default","ast-global-header-display":"","ast-banner-title-visibility":"","ast-main-header-display":"","ast-hfb-above-header-display":"","ast-hfb-below-header-display":"","ast-hfb-mobile-header-display":"","site-post-title":"","ast-breadcrumbs-content":"","ast-featured-img":"","footer-sml-layout":"","ast-disable-related-posts":"","theme-transparent-header-meta":"default","adv-header-id-meta":"","stick-header-meta":"","header-above-stick-meta":"","header-main-stick-meta":"","header-below-stick-meta":"","astra-migrate-meta-layouts":"set","ast-page-background-enabled":"default","ast-page-background-meta":{"desktop":{"background-color":"var(--ast-global-color-4)","background-image":"","background-repeat":"repeat","background-position":"center center","background-size":"auto","background-attachment":"scroll","background-type":"","background-media":"","overlay-type":"","overlay-color":"","overlay-opacity":"","overlay-gradient":""},"tablet":{"background-color":"","background-image":"","background-repeat":"repeat","background-position":"center center","background-size":"auto","background-attachment":"scroll","background-type":"","background-media":"","overlay-type":"","overlay-color":"","overlay-opacity":"","overlay-gradient":""},"mobile":{"background-color":"","background-image":"","background-repeat":"repeat","background-position":"center center","background-size":"auto","background-attachment":"scroll","background-type":"","background-media":"","overlay-type":"","overlay-color":"","overlay-opacity":"","overlay-gradient":""}},"ast-content-background-meta":{"desktop":{"background-color":"var(--ast-global-color-5)","background-image":"","background-repeat":"repeat","background-position":"center center","background-size":"auto","background-attachment":"scroll","background-type":"","background-media":"","overlay-type":"","overlay-color":"","overlay-opacity":"","overlay-gradient":""},"tablet":{"background-color":"var(--ast-global-color-5)","background-image":"","background-repeat":"repeat","background-position":"center center","background-size":"auto","background-attachment":"scroll","background-type":"","background-media":"","overlay-type":"","overlay-color":"","overlay-opacity":"","overlay-gradient":""},"mobile":{"background-color":"var(--ast-global-color-5)","background-image":"","background-repeat":"repeat","background-position":"center center","background-size":"auto","background-attachment":"scroll","background-type":"","background-media":"","overlay-type":"","overlay-color":"","overlay-opacity":"","overlay-gradient":""}}},"product_brand":[],"product_cat":[21],"product_tag":[],"class_list":{"0":"post-1365","1":"product","2":"type-product","3":"status-publish","4":"has-post-thumbnail","6":"product_cat-devotionnels","7":"desktop-align-left","8":"tablet-align-left","9":"mobile-align-left","11":"first","12":"instock","13":"downloadable","14":"shipping-taxable","15":"purchasable","16":"product-type-simple"},"jetpack_sharing_enabled":true,"uagb_featured_image_src":{"full":["https:\/\/sedimpulsionacademie.com\/wp-content\/uploads\/2024\/08\/Visuel-Livre-Papier-2.png",1595,1595,false],"thumbnail":["https:\/\/sedimpulsionacademie.com\/wp-content\/uploads\/2024\/08\/Visuel-Livre-Papier-2-150x150.png",150,150,true],"medium":["https:\/\/sedimpulsionacademie.com\/wp-content\/uploads\/2024\/08\/Visuel-Livre-Papier-2-300x300.png",300,300,true],"medium_large":["https:\/\/sedimpulsionacademie.com\/wp-content\/uploads\/2024\/08\/Visuel-Livre-Papier-2-768x768.png",768,768,true],"large":["https:\/\/sedimpulsionacademie.com\/wp-content\/uploads\/2024\/08\/Visuel-Livre-Papier-2-1024x1024.png",1024,1024,true],"1536x1536":["https:\/\/sedimpulsionacademie.com\/wp-content\/uploads\/2024\/08\/Visuel-Livre-Papier-2-1536x1536.png",1536,1536,true],"2048x2048":["https:\/\/sedimpulsionacademie.com\/wp-content\/uploads\/2024\/08\/Visuel-Livre-Papier-2.png",1595,1595,false],"mailpoet_newsletter_max":["https:\/\/sedimpulsionacademie.com\/wp-content\/uploads\/2024\/08\/Visuel-Livre-Papier-2.png",1320,1320,false],"woocommerce_thumbnail":["https:\/\/sedimpulsionacademie.com\/wp-content\/uploads\/2024\/08\/Visuel-Livre-Papier-2-300x300.png",300,300,true],"woocommerce_single":["https:\/\/sedimpulsionacademie.com\/wp-content\/uploads\/2024\/08\/Visuel-Livre-Papier-2-600x600.png",600,600,true],"woocommerce_gallery_thumbnail":["https:\/\/sedimpulsionacademie.com\/wp-content\/uploads\/2024\/08\/Visuel-Livre-Papier-2-100x100.png",100,100,true]},"uagb_author_info":{"display_name":"sedimpulsionacademie.com","author_link":"https:\/\/sedimpulsionacademie.com\/home\/author\/"},"uagb_comment_info":0,"uagb_excerpt":"La crainte de l\u2019\u00c9ternel est le commencement de la sagesse. Dieu a tout cr\u00e9\u00e9 par sa parole. Dieu a tout cr\u00e9\u00e9 avec sagesse, intelligence et ordre. Il est la sagesse m\u00eame, il est l\u2019intelligence, la science et la connaissance de toutes choses.","_links":{"self":[{"href":"https:\/\/sedimpulsionacademie.com\/home\/wp-json\/wp\/v2\/product\/1365","targetHints":{"allow":["GET"]}}],"collection":[{"href":"https:\/\/sedimpulsionacademie.com\/home\/wp-json\/wp\/v2\/product"}],"about":[{"href":"https:\/\/sedimpulsionacademie.com\/home\/wp-json\/wp\/v2\/types\/product"}],"wp:featuredmedia":[{"embeddable":true,"href":"https:\/\/sedimpulsionacademie.com\/home\/wp-json\/wp\/v2\/media\/324"}],"wp:attachment":[{"href":"https:\/\/sedimpulsionacademie.com\/home\/wp-json\/wp\/v2\/media?parent=1365"}],"wp:term":[{"taxonomy":"product_brand","embeddable":true,"href":"https:\/\/sedimpulsionacademie.com\/home\/wp-json\/wp\/v2\/product_brand?post=1365"},{"taxonomy":"product_cat","embeddable":true,"href":"https:\/\/sedimpulsionacademie.com\/home\/wp-json\/wp\/v2\/product_cat?post=1365"},{"taxonomy":"product_tag","embeddable":true,"href":"https:\/\/sedimpulsionacademie.com\/home\/wp-json\/wp\/v2\/product_tag?post=1365"}],"curies":[{"name":"wp","href":"https:\/\/api.w.org\/{rel}","templated":true}]}}